{"id":53,"date":"2021-01-23T12:21:59","date_gmt":"2021-01-23T12:21:59","guid":{"rendered":"https:\/\/www.neu-monteurzimmer-duisburg.de\/?page_id=53"},"modified":"2024-01-05T09:08:08","modified_gmt":"2024-01-05T09:08:08","slug":"rooms","status":"publish","type":"page","link":"https:\/\/www.neu-monteurzimmer-duisburg.de\/?page_id=53","title":{"rendered":"Wohnungen"},"content":{"rendered":"\n<figure class=\"wp-block-gallery has-nested-images columns-4 is-cropped wp-block-gallery-1 is-layout-flex wp-block-gallery-is-layout-flex\">\n<figure class=\"wp-block-image size-large\"><img fetchpriority=\"high\" decoding=\"async\" width=\"1024\" height=\"498\" data-id=\"495\" src=\"https:\/\/www.neu-monteurzimmer-duisburg.de\/wp-content\/uploads\/2021\/02\/20210205_130802-1-1024x498.jpg\" alt=\"\" class=\"wp-image-495\" srcset=\"https:\/\/www.neu-monteurzimmer-duisburg.de\/wp-content\/uploads\/2021\/02\/20210205_130802-1-1024x498.jpg 1024w, https:\/\/www.neu-monteurzimmer-duisburg.de\/wp-content\/uploads\/2021\/02\/20210205_130802-1-300x146.jpg 300w, https:\/\/www.neu-monteurzimmer-duisburg.de\/wp-content\/uploads\/2021\/02\/20210205_130802-1-768x373.jpg 768w, https:\/\/www.neu-monteurzimmer-duisburg.de\/wp-content\/uploads\/2021\/02\/20210205_130802-1-1536x747.jpg 1536w, https:\/\/www.neu-monteurzimmer-duisburg.de\/wp-content\/uploads\/2021\/02\/20210205_130802-1-2048x996.jpg 2048w, https:\/\/www.neu-monteurzimmer-duisburg.de\/wp-content\/uploads\/2021\/02\/20210205_130802-1-1152x560.jpg 1152w, https:\/\/www.neu-monteurzimmer-duisburg.de\/wp-content\/uploads\/2021\/02\/20210205_130802-1-2000x972.jpg 2000w\" sizes=\"(max-width: 1024px) 100vw, 1024px\" \/><\/figure>\n\n\n\n<figure class=\"wp-block-image size-large\"><img decoding=\"async\" width=\"1024\" height=\"498\" data-id=\"501\" src=\"https:\/\/www.neu-monteurzimmer-duisburg.de\/wp-content\/uploads\/2021\/02\/20210205_130955-1-1024x498.jpg\" alt=\"\" class=\"wp-image-501\" srcset=\"https:\/\/www.neu-monteurzimmer-duisburg.de\/wp-content\/uploads\/2021\/02\/20210205_130955-1-1024x498.jpg 1024w, https:\/\/www.neu-monteurzimmer-duisburg.de\/wp-content\/uploads\/2021\/02\/20210205_130955-1-300x146.jpg 300w, https:\/\/www.neu-monteurzimmer-duisburg.de\/wp-content\/uploads\/2021\/02\/20210205_130955-1-768x373.jpg 768w, https:\/\/www.neu-monteurzimmer-duisburg.de\/wp-content\/uploads\/2021\/02\/20210205_130955-1-1536x747.jpg 1536w, https:\/\/www.neu-monteurzimmer-duisburg.de\/wp-content\/uploads\/2021\/02\/20210205_130955-1-2048x996.jpg 2048w, https:\/\/www.neu-monteurzimmer-duisburg.de\/wp-content\/uploads\/2021\/02\/20210205_130955-1-1152x560.jpg 1152w, https:\/\/www.neu-monteurzimmer-duisburg.de\/wp-content\/uploads\/2021\/02\/20210205_130955-1-2000x972.jpg 2000w\" sizes=\"(max-width: 1024px) 100vw, 1024px\" \/><\/figure>\n\n\n\n<figure class=\"wp-block-image size-large\"><img decoding=\"async\" width=\"498\" height=\"1024\" data-id=\"574\" src=\"https:\/\/www.neu-monteurzimmer-duisburg.de\/wp-content\/uploads\/2021\/02\/2-2-kop-3-498x1024.jpg\" alt=\"\" class=\"wp-image-574\" srcset=\"https:\/\/www.neu-monteurzimmer-duisburg.de\/wp-content\/uploads\/2021\/02\/2-2-kop-3-498x1024.jpg 498w, https:\/\/www.neu-monteurzimmer-duisburg.de\/wp-content\/uploads\/2021\/02\/2-2-kop-3-146x300.jpg 146w, https:\/\/www.neu-monteurzimmer-duisburg.de\/wp-content\/uploads\/2021\/02\/2-2-kop-3-768x1580.jpg 768w, https:\/\/www.neu-monteurzimmer-duisburg.de\/wp-content\/uploads\/2021\/02\/2-2-kop-3-747x1536.jpg 747w, https:\/\/www.neu-monteurzimmer-duisburg.de\/wp-content\/uploads\/2021\/02\/2-2-kop-3-996x2048.jpg 996w, https:\/\/www.neu-monteurzimmer-duisburg.de\/wp-content\/uploads\/2021\/02\/2-2-kop-3-272x560.jpg 272w, https:\/\/www.neu-monteurzimmer-duisburg.de\/wp-content\/uploads\/2021\/02\/2-2-kop-3-scaled.jpg 1244w\" sizes=\"(max-width: 498px) 100vw, 498px\" \/><\/figure>\n\n\n\n<figure class=\"wp-block-image size-large\"><img loading=\"lazy\" decoding=\"async\" width=\"498\" height=\"1024\" data-id=\"612\" src=\"https:\/\/www.neu-monteurzimmer-duisburg.de\/wp-content\/uploads\/2021\/02\/1-1-vhod-1-498x1024.jpg\" alt=\"\" class=\"wp-image-612\" srcset=\"https:\/\/www.neu-monteurzimmer-duisburg.de\/wp-content\/uploads\/2021\/02\/1-1-vhod-1-498x1024.jpg 498w, https:\/\/www.neu-monteurzimmer-duisburg.de\/wp-content\/uploads\/2021\/02\/1-1-vhod-1-146x300.jpg 146w, https:\/\/www.neu-monteurzimmer-duisburg.de\/wp-content\/uploads\/2021\/02\/1-1-vhod-1-768x1580.jpg 768w, https:\/\/www.neu-monteurzimmer-duisburg.de\/wp-content\/uploads\/2021\/02\/1-1-vhod-1-747x1536.jpg 747w, https:\/\/www.neu-monteurzimmer-duisburg.de\/wp-content\/uploads\/2021\/02\/1-1-vhod-1-996x2048.jpg 996w, https:\/\/www.neu-monteurzimmer-duisburg.de\/wp-content\/uploads\/2021\/02\/1-1-vhod-1-272x560.jpg 272w, https:\/\/www.neu-monteurzimmer-duisburg.de\/wp-content\/uploads\/2021\/02\/1-1-vhod-1-scaled.jpg 1244w\" sizes=\"(max-width: 498px) 100vw, 498px\" \/><\/figure>\n<\/figure>\n\n\n\n<h2 class=\"wp-block-heading\"><strong>Wohnungen f\u00fcr 2 Personen<\/strong><\/h2>\n\n\n\n<p><a href=\"https:\/\/www.neu-monteurzimmer-duisburg.de\/?page_id=184\" data-type=\"page\" data-id=\"184\">WOHNUNG 0-1<\/a><\/p>\n\n\n\n<h2 class=\"wp-block-heading\"><strong>Wohnungen f\u00fcr 3 Personen<\/strong><\/h2>\n\n\n\n<p><a href=\"https:\/\/www.neu-monteurzimmer-duisburg.de\/?page_id=193\" data-type=\"page\" data-id=\"193\">WOHNUNG 0-2<\/a><br><a href=\"https:\/\/www.neu-monteurzimmer-duisburg.de\/?page_id=207\" data-type=\"page\" data-id=\"207\">WOHNUNG 3-1<\/a><br><a href=\"https:\/\/www.neu-monteurzimmer-duisburg.de\/?page_id=209\" data-type=\"page\" data-id=\"209\">WOHNUNG 3-2<\/a><\/p>\n\n\n\n<h2 class=\"wp-block-heading\"><strong>Wohnungen f\u00fcr 4 Personen<\/strong><\/h2>\n\n\n\n<p><a href=\"https:\/\/www.neu-monteurzimmer-duisburg.de\/?page_id=199\" data-type=\"page\" data-id=\"199\">WOHNUNG 1-1<\/a><br><a href=\"https:\/\/www.neu-monteurzimmer-duisburg.de\/?page_id=201\" data-type=\"page\" data-id=\"201\">WOHNUNG 1-2<\/a><br><a href=\"https:\/\/www.neu-monteurzimmer-duisburg.de\/?page_id=203\" data-type=\"page\" data-id=\"203\">WOHNUNG 2-1<\/a><br><a href=\"https:\/\/www.neu-monteurzimmer-duisburg.de\/?page_id=205\" data-type=\"page\" data-id=\"205\">WOHNUNG 2-2<\/a><\/p>\n","protected":false},"excerpt":{"rendered":"<p>Wohnungen f\u00fcr 2 Personen WOHNUNG 0-1 Wohnungen f\u00fcr 3 Personen WOHNUNG 0-2WOHNUNG 3-1WOHNUNG 3-2 Wohnungen f\u00fcr 4 Personen WOHNUNG 1-1WOHNUNG 1-2WOHNUNG 2-1WOHNUNG 2-2<\/p>\n","protected":false},"author":1,"featured_media":0,"parent":0,"menu_order":0,"comment_status":"closed","ping_status":"closed","template":"","meta":{"footnotes":""},"class_list":["post-53","page","type-page","status-publish","hentry"],"_links":{"self":[{"href":"https:\/\/www.neu-monteurzimmer-duisburg.de\/index.php?rest_route=\/wp\/v2\/pages\/53","targetHints":{"allow":["GET"]}}],"collection":[{"href":"https:\/\/www.neu-monteurzimmer-duisburg.de\/index.php?rest_route=\/wp\/v2\/pages"}],"about":[{"href":"https:\/\/www.neu-monteurzimmer-duisburg.de\/index.php?rest_route=\/wp\/v2\/types\/page"}],"author":[{"embeddable":true,"href":"https:\/\/www.neu-monteurzimmer-duisburg.de\/index.php?rest_route=\/wp\/v2\/users\/1"}],"replies":[{"embeddable":true,"href":"https:\/\/www.neu-monteurzimmer-duisburg.de\/index.php?rest_route=%2Fwp%2Fv2%2Fcomments&post=53"}],"version-history":[{"count":8,"href":"https:\/\/www.neu-monteurzimmer-duisburg.de\/index.php?rest_route=\/wp\/v2\/pages\/53\/revisions"}],"predecessor-version":[{"id":1132,"href":"https:\/\/www.neu-monteurzimmer-duisburg.de\/index.php?rest_route=\/wp\/v2\/pages\/53\/revisions\/1132"}],"wp:attachment":[{"href":"https:\/\/www.neu-monteurzimmer-duisburg.de\/index.php?rest_route=%2Fwp%2Fv2%2Fmedia&parent=53"}],"curies":[{"name":"wp","href":"https:\/\/api.w.org\/{rel}","templated":true}]}}