{"id":422,"date":"2021-01-26T19:51:21","date_gmt":"2021-01-26T19:51:21","guid":{"rendered":"https:\/\/www.neu-monteurzimmer-duisburg.de\/?page_id=422"},"modified":"2021-01-26T20:42:41","modified_gmt":"2021-01-26T20:42:41","slug":"instrukcije","status":"publish","type":"page","link":"https:\/\/www.neu-monteurzimmer-duisburg.de\/?page_id=422&lang=bs","title":{"rendered":"UPUTE"},"content":{"rendered":"\n<div class=\"wp-block-columns is-layout-flex wp-container-core-columns-is-layout-9d6595d7 wp-block-columns-is-layout-flex\">\n<div class=\"wp-block-column is-layout-flow wp-block-column-is-layout-flow\">\n<div class=\"wp-block-buttons is-layout-flex wp-block-buttons-is-layout-flex\">\n<div class=\"wp-block-button is-style-fill\"><a class=\"wp-block-button__link has-white-background-color has-text-color has-background\" href=\"https:\/\/www.neu-monteurzimmer-duisburg.de\/bs\/instrukcije\/\" style=\"color:#fe6970\">UPUTE<\/a><\/div>\n<\/div>\n<\/div>\n\n\n\n<div class=\"wp-block-column is-layout-flow wp-block-column-is-layout-flow\">\n<div class=\"wp-block-buttons is-layout-flex wp-block-buttons-is-layout-flex\">\n<div class=\"wp-block-button\"><a class=\"wp-block-button__link has-white-color has-text-color has-background\" href=\"https:\/\/www.neu-monteurzimmer-duisburg.de\/bs\/prijava-stanovnika\/\" style=\"background-color:#fe6970\">PRIJAVA<\/a><\/div>\n<\/div>\n<\/div>\n\n\n\n<div class=\"wp-block-column is-layout-flow wp-block-column-is-layout-flow\">\n<div class=\"wp-block-buttons is-layout-flex wp-block-buttons-is-layout-flex\">\n<div class=\"wp-block-button is-style-fill\"><a class=\"wp-block-button__link has-white-color has-text-color has-background\" href=\"https:\/\/www.neu-monteurzimmer-duisburg.de\/bs\/popisna-lista\/\" style=\"border-radius:50px;background-color:#fe6970\">POPISNA LISTA<\/a><\/div>\n<\/div>\n<\/div>\n<\/div>\n\n\n\n<p>Najprej Vas lepo pozdravljamo. Veseli nas, da ste izbrali na\u0161e stanovanje za \u010das, ki ga boste pre\u017eiveli v Duisburgu.<\/p>\n\n\n\n<p><strong>Kaj je potrebno storiti ob prihodu?<\/strong><\/p>\n\n\n\n<p><strong>Kako deluje?<\/strong><\/p>\n\n\n\n<p><strong>Kaj je potrebno storiti ob odhodu?<\/strong><\/p>\n\n\n\n<p><strong>PRAVILA HI\u0160NEGA REDA<\/strong><\/p>\n\n\n\n<p><strong>POGOJI UPORABE STANOVANJA<\/strong><\/p>\n","protected":false},"excerpt":{"rendered":"<p>Najprej Vas lepo pozdravljamo. Veseli nas, da ste izbrali na\u0161e stanovanje za \u010das, ki ga boste pre\u017eiveli v Duisburgu. Kaj je potrebno storiti ob prihodu? Kako deluje? Kaj je potrebno storiti ob odhodu? PRAVILA HI\u0160NEGA REDA POGOJI UPORABE STANOVANJA<\/p>\n","protected":false},"author":1,"featured_media":0,"parent":0,"menu_order":0,"comment_status":"closed","ping_status":"closed","template":"","meta":{"footnotes":""},"class_list":["post-422","page","type-page","status-publish","hentry"],"_links":{"self":[{"href":"https:\/\/www.neu-monteurzimmer-duisburg.de\/index.php?rest_route=\/wp\/v2\/pages\/422","targetHints":{"allow":["GET"]}}],"collection":[{"href":"https:\/\/www.neu-monteurzimmer-duisburg.de\/index.php?rest_route=\/wp\/v2\/pages"}],"about":[{"href":"https:\/\/www.neu-monteurzimmer-duisburg.de\/index.php?rest_route=\/wp\/v2\/types\/page"}],"author":[{"embeddable":true,"href":"https:\/\/www.neu-monteurzimmer-duisburg.de\/index.php?rest_route=\/wp\/v2\/users\/1"}],"replies":[{"embeddable":true,"href":"https:\/\/www.neu-monteurzimmer-duisburg.de\/index.php?rest_route=%2Fwp%2Fv2%2Fcomments&post=422"}],"version-history":[{"count":2,"href":"https:\/\/www.neu-monteurzimmer-duisburg.de\/index.php?rest_route=\/wp\/v2\/pages\/422\/revisions"}],"predecessor-version":[{"id":476,"href":"https:\/\/www.neu-monteurzimmer-duisburg.de\/index.php?rest_route=\/wp\/v2\/pages\/422\/revisions\/476"}],"wp:attachment":[{"href":"https:\/\/www.neu-monteurzimmer-duisburg.de\/index.php?rest_route=%2Fwp%2Fv2%2Fmedia&parent=422"}],"curies":[{"name":"wp","href":"https:\/\/api.w.org\/{rel}","templated":true}]}}