{"id":420,"date":"2021-01-26T19:50:46","date_gmt":"2021-01-26T19:50:46","guid":{"rendered":"https:\/\/www.neu-monteurzimmer-duisburg.de\/?page_id=420"},"modified":"2021-02-10T10:33:53","modified_gmt":"2021-02-10T10:33:53","slug":"anleitung","status":"publish","type":"page","link":"https:\/\/www.neu-monteurzimmer-duisburg.de\/?page_id=420","title":{"rendered":"ANLEITUNG"},"content":{"rendered":"\n<div class=\"wp-block-columns is-layout-flex wp-container-core-columns-is-layout-9d6595d7 wp-block-columns-is-layout-flex\">\n<div class=\"wp-block-column is-layout-flow wp-block-column-is-layout-flow\">\n<div class=\"wp-block-buttons is-layout-flex wp-block-buttons-is-layout-flex\">\n<div class=\"wp-block-button is-style-fill\"><a class=\"wp-block-button__link has-white-background-color has-text-color has-background\" href=\"https:\/\/www.neu-monteurzimmer-duisburg.de\/anleitung\/\" style=\"color:#fe6970\">ANLEITUNG<\/a><\/div>\n<\/div>\n<\/div>\n\n\n\n<div class=\"wp-block-column is-layout-flow wp-block-column-is-layout-flow\">\n<div class=\"wp-block-buttons is-layout-flex wp-block-buttons-is-layout-flex\">\n<div class=\"wp-block-button\"><a class=\"wp-block-button__link has-white-color has-text-color has-background\" href=\"https:\/\/www.neu-monteurzimmer-duisburg.de\/registrierung-der-wohner\/\" style=\"background-color:#fe6970\">AMELDEFORMULAR<\/a><\/div>\n<\/div>\n<\/div>\n\n\n\n<div class=\"wp-block-column is-layout-flow wp-block-column-is-layout-flow\">\n<div class=\"wp-block-buttons is-layout-flex wp-block-buttons-is-layout-flex\">\n<div class=\"wp-block-button is-style-fill\"><a class=\"wp-block-button__link has-white-color has-text-color has-background\" href=\"https:\/\/www.neu-monteurzimmer-duisburg.de\/inventarliste\/\" style=\"border-radius:50px;background-color:#fe6970\">INVENTARAUFNAHME<\/a><\/div>\n<\/div>\n<\/div>\n<\/div>\n\n\n\n<p>Sehr geehrte G\u00e4ste,<\/p>\n\n\n\n<p>wir freuen uns, dass Sie unsere Wohnung ausgew\u00e4hlt haben und werden uns bem\u00fchen, dass Sie einen sch\u00f6nen Aufenthalt in Duisburg haben. Wir haben hierzu einige kurze Anleitungen sowie die Hausordnung f\u00fcr Sie vorbereitet.<\/p>\n\n\n\n<p>F\u00fcllen Sie bitte sp\u00e4testens innerhalb von 24 Stunden nach Ihrem Einzug das <a href=\"https:\/\/www.neu-monteurzimmer-duisburg.de\/registrierung-der-wohner\/\" data-type=\"page\" data-id=\"429\">ANMELDEFORMULAR<\/a> und machen Sie eine <a href=\"https:\/\/www.neu-monteurzimmer-duisburg.de\/inventarliste\/\" data-type=\"page\" data-id=\"413\">INVENTARAUFNAHME<\/a>.<\/p>\n\n\n\n<p><\/p>\n","protected":false},"excerpt":{"rendered":"<p>Sehr geehrte G\u00e4ste, wir freuen uns, dass Sie unsere Wohnung ausgew\u00e4hlt haben und werden uns bem\u00fchen, dass Sie einen sch\u00f6nen Aufenthalt in Duisburg haben. Wir haben hierzu einige kurze Anleitungen sowie die Hausordnung f\u00fcr Sie vorbereitet. F\u00fcllen Sie bitte sp\u00e4testens innerhalb von 24 Stunden nach Ihrem Einzug das ANMELDEFORMULAR und machen Sie eine INVENTARAUFNAHME.<\/p>\n","protected":false},"author":1,"featured_media":0,"parent":0,"menu_order":0,"comment_status":"closed","ping_status":"closed","template":"","meta":{"footnotes":""},"class_list":["post-420","page","type-page","status-publish","hentry"],"_links":{"self":[{"href":"https:\/\/www.neu-monteurzimmer-duisburg.de\/index.php?rest_route=\/wp\/v2\/pages\/420","targetHints":{"allow":["GET"]}}],"collection":[{"href":"https:\/\/www.neu-monteurzimmer-duisburg.de\/index.php?rest_route=\/wp\/v2\/pages"}],"about":[{"href":"https:\/\/www.neu-monteurzimmer-duisburg.de\/index.php?rest_route=\/wp\/v2\/types\/page"}],"author":[{"embeddable":true,"href":"https:\/\/www.neu-monteurzimmer-duisburg.de\/index.php?rest_route=\/wp\/v2\/users\/1"}],"replies":[{"embeddable":true,"href":"https:\/\/www.neu-monteurzimmer-duisburg.de\/index.php?rest_route=%2Fwp%2Fv2%2Fcomments&post=420"}],"version-history":[{"count":6,"href":"https:\/\/www.neu-monteurzimmer-duisburg.de\/index.php?rest_route=\/wp\/v2\/pages\/420\/revisions"}],"predecessor-version":[{"id":701,"href":"https:\/\/www.neu-monteurzimmer-duisburg.de\/index.php?rest_route=\/wp\/v2\/pages\/420\/revisions\/701"}],"wp:attachment":[{"href":"https:\/\/www.neu-monteurzimmer-duisburg.de\/index.php?rest_route=%2Fwp%2Fv2%2Fmedia&parent=420"}],"curies":[{"name":"wp","href":"https:\/\/api.w.org\/{rel}","templated":true}]}}