{"id":262,"date":"2021-01-24T21:11:42","date_gmt":"2021-01-24T21:11:42","guid":{"rendered":"https:\/\/www.neu-monteurzimmer-duisburg.de\/?page_id=262"},"modified":"2021-02-11T06:34:42","modified_gmt":"2021-02-11T06:34:42","slug":"stan-1-2","status":"publish","type":"page","link":"https:\/\/www.neu-monteurzimmer-duisburg.de\/?page_id=262&lang=bs","title":{"rendered":"Stan 1-2"},"content":{"rendered":"\n<p>Stan za 4 osobe<\/p>\n\n\n\n<figure class=\"wp-block-gallery columns-3 is-cropped wp-block-gallery-1 is-layout-flex wp-block-gallery-is-layout-flex\"><ul class=\"blocks-gallery-grid\"><li class=\"blocks-gallery-item\"><figure><a href=\"https:\/\/www.neu-monteurzimmer-duisburg.de\/wp-content\/uploads\/2021\/02\/1-2-kuh-1-scaled.jpg\"><img decoding=\"async\" width=\"150\" height=\"150\" src=\"https:\/\/www.neu-monteurzimmer-duisburg.de\/wp-content\/uploads\/2021\/02\/1-2-kuh-1-150x150.jpg\" alt=\"\" data-id=\"591\" data-full-url=\"https:\/\/www.neu-monteurzimmer-duisburg.de\/wp-content\/uploads\/2021\/02\/1-2-kuh-1-scaled.jpg\" data-link=\"https:\/\/www.neu-monteurzimmer-duisburg.de\/sl\/stanovanje-1-2\/1-2-kuh-1\/\" class=\"wp-image-591\"\/><\/a><\/figure><\/li><li class=\"blocks-gallery-item\"><figure><a href=\"https:\/\/www.neu-monteurzimmer-duisburg.de\/wp-content\/uploads\/2021\/02\/1-2-kuh-2-scaled.jpg\"><img decoding=\"async\" width=\"150\" height=\"150\" src=\"https:\/\/www.neu-monteurzimmer-duisburg.de\/wp-content\/uploads\/2021\/02\/1-2-kuh-2-150x150.jpg\" alt=\"\" data-id=\"593\" data-full-url=\"https:\/\/www.neu-monteurzimmer-duisburg.de\/wp-content\/uploads\/2021\/02\/1-2-kuh-2-scaled.jpg\" data-link=\"https:\/\/www.neu-monteurzimmer-duisburg.de\/sl\/stanovanje-1-2\/1-2-kuh-2\/\" class=\"wp-image-593\"\/><\/a><\/figure><\/li><li class=\"blocks-gallery-item\"><figure><a href=\"https:\/\/www.neu-monteurzimmer-duisburg.de\/wp-content\/uploads\/2021\/02\/1-2-kuh-4-scaled.jpg\"><img decoding=\"async\" width=\"150\" height=\"150\" src=\"https:\/\/www.neu-monteurzimmer-duisburg.de\/wp-content\/uploads\/2021\/02\/1-2-kuh-4-150x150.jpg\" alt=\"\" data-id=\"594\" data-full-url=\"https:\/\/www.neu-monteurzimmer-duisburg.de\/wp-content\/uploads\/2021\/02\/1-2-kuh-4-scaled.jpg\" data-link=\"https:\/\/www.neu-monteurzimmer-duisburg.de\/sl\/stanovanje-1-2\/1-2-kuh-4\/\" class=\"wp-image-594\"\/><\/a><\/figure><\/li><li class=\"blocks-gallery-item\"><figure><a href=\"https:\/\/www.neu-monteurzimmer-duisburg.de\/wp-content\/uploads\/2021\/02\/1-2-spa-2-scaled.jpg\"><img loading=\"lazy\" decoding=\"async\" width=\"150\" height=\"150\" src=\"https:\/\/www.neu-monteurzimmer-duisburg.de\/wp-content\/uploads\/2021\/02\/1-2-spa-2-150x150.jpg\" alt=\"\" data-id=\"596\" data-full-url=\"https:\/\/www.neu-monteurzimmer-duisburg.de\/wp-content\/uploads\/2021\/02\/1-2-spa-2-scaled.jpg\" data-link=\"https:\/\/www.neu-monteurzimmer-duisburg.de\/sl\/stanovanje-1-2\/1-2-spa-2\/\" class=\"wp-image-596\"\/><\/a><\/figure><\/li><li class=\"blocks-gallery-item\"><figure><a href=\"https:\/\/www.neu-monteurzimmer-duisburg.de\/wp-content\/uploads\/2021\/02\/1-2-spa-1-scaled.jpg\"><img loading=\"lazy\" decoding=\"async\" width=\"150\" height=\"150\" src=\"https:\/\/www.neu-monteurzimmer-duisburg.de\/wp-content\/uploads\/2021\/02\/1-2-spa-1-150x150.jpg\" alt=\"\" data-id=\"595\" data-full-url=\"https:\/\/www.neu-monteurzimmer-duisburg.de\/wp-content\/uploads\/2021\/02\/1-2-spa-1-scaled.jpg\" data-link=\"https:\/\/www.neu-monteurzimmer-duisburg.de\/sl\/stanovanje-1-2\/1-2-spa-1\/\" class=\"wp-image-595\"\/><\/a><\/figure><\/li><li class=\"blocks-gallery-item\"><figure><a href=\"https:\/\/www.neu-monteurzimmer-duisburg.de\/wp-content\/uploads\/2021\/02\/1-2-vhod-1-scaled.jpg\"><img loading=\"lazy\" decoding=\"async\" width=\"150\" height=\"150\" src=\"https:\/\/www.neu-monteurzimmer-duisburg.de\/wp-content\/uploads\/2021\/02\/1-2-vhod-1-150x150.jpg\" alt=\"\" data-id=\"597\" data-full-url=\"https:\/\/www.neu-monteurzimmer-duisburg.de\/wp-content\/uploads\/2021\/02\/1-2-vhod-1-scaled.jpg\" data-link=\"https:\/\/www.neu-monteurzimmer-duisburg.de\/sl\/stanovanje-1-2\/1-2-vhod-1\/\" class=\"wp-image-597\"\/><\/a><\/figure><\/li><li class=\"blocks-gallery-item\"><figure><a href=\"https:\/\/www.neu-monteurzimmer-duisburg.de\/wp-content\/uploads\/2021\/02\/1-2-kop-3-scaled.jpg\"><img loading=\"lazy\" decoding=\"async\" width=\"150\" height=\"150\" src=\"https:\/\/www.neu-monteurzimmer-duisburg.de\/wp-content\/uploads\/2021\/02\/1-2-kop-3-150x150.jpg\" alt=\"\" data-id=\"590\" data-full-url=\"https:\/\/www.neu-monteurzimmer-duisburg.de\/wp-content\/uploads\/2021\/02\/1-2-kop-3-scaled.jpg\" data-link=\"https:\/\/www.neu-monteurzimmer-duisburg.de\/sl\/stanovanje-1-2\/1-2-kop-3\/\" class=\"wp-image-590\"\/><\/a><\/figure><\/li><li class=\"blocks-gallery-item\"><figure><a href=\"https:\/\/www.neu-monteurzimmer-duisburg.de\/wp-content\/uploads\/2021\/02\/1-2-kop-2-scaled.jpg\"><img loading=\"lazy\" decoding=\"async\" width=\"150\" height=\"150\" src=\"https:\/\/www.neu-monteurzimmer-duisburg.de\/wp-content\/uploads\/2021\/02\/1-2-kop-2-150x150.jpg\" alt=\"\" data-id=\"589\" data-full-url=\"https:\/\/www.neu-monteurzimmer-duisburg.de\/wp-content\/uploads\/2021\/02\/1-2-kop-2-scaled.jpg\" data-link=\"https:\/\/www.neu-monteurzimmer-duisburg.de\/sl\/stanovanje-1-2\/1-2-kop-2\/\" class=\"wp-image-589\"\/><\/a><\/figure><\/li><li class=\"blocks-gallery-item\"><figure><a href=\"https:\/\/www.neu-monteurzimmer-duisburg.de\/wp-content\/uploads\/2021\/02\/1-2-kop-1-scaled.jpg\"><img loading=\"lazy\" decoding=\"async\" width=\"150\" height=\"150\" src=\"https:\/\/www.neu-monteurzimmer-duisburg.de\/wp-content\/uploads\/2021\/02\/1-2-kop-1-150x150.jpg\" alt=\"\" data-id=\"588\" data-full-url=\"https:\/\/www.neu-monteurzimmer-duisburg.de\/wp-content\/uploads\/2021\/02\/1-2-kop-1-scaled.jpg\" data-link=\"https:\/\/www.neu-monteurzimmer-duisburg.de\/sl\/stanovanje-1-2\/1-2-kop-1\/\" class=\"wp-image-588\"\/><\/a><\/figure><\/li><\/ul><\/figure>\n\n\n\n<p><strong>OPIS<\/strong><br><\/p>\n\n\n\n<div class=\"wp-block-columns is-layout-flex wp-container-core-columns-is-layout-9d6595d7 wp-block-columns-is-layout-flex\">\n<div class=\"wp-block-column is-layout-flow wp-block-column-is-layout-flow\" style=\"flex-basis:33.33%\">\n<div class=\"wp-block-image\"><figure class=\"aligncenter size-large is-resized\"><img loading=\"lazy\" decoding=\"async\" src=\"https:\/\/www.neu-monteurzimmer-duisburg.de\/wp-content\/uploads\/2021\/01\/04-arrival-bih.jpg\" alt=\"\" class=\"wp-image-92\" width=\"100\" height=\"100\" srcset=\"https:\/\/www.neu-monteurzimmer-duisburg.de\/wp-content\/uploads\/2021\/01\/04-arrival-bih.jpg 631w, https:\/\/www.neu-monteurzimmer-duisburg.de\/wp-content\/uploads\/2021\/01\/04-arrival-bih-300x300.jpg 300w, https:\/\/www.neu-monteurzimmer-duisburg.de\/wp-content\/uploads\/2021\/01\/04-arrival-bih-150x150.jpg 150w, https:\/\/www.neu-monteurzimmer-duisburg.de\/wp-content\/uploads\/2021\/01\/04-arrival-bih-559x560.jpg 559w\" sizes=\"(max-width: 100px) 100vw, 100px\" \/><\/figure><\/div>\n<\/div>\n\n\n\n<div class=\"wp-block-column is-layout-flow wp-block-column-is-layout-flow\" style=\"flex-basis:66.66%\">\n<p>Mo\u017eete se useliti u stan bez na\u0161eg kontakta. Na ulazu u ku\u0107u nalaze se sefovi s klju\u010devima. Na taj na\u010din mo\u017eete u\u0107i u dogovoreni dan u bilo koje vrijeme (24\/7).<\/p>\n<\/div>\n<\/div>\n\n\n\n<div class=\"wp-block-columns is-layout-flex wp-container-core-columns-is-layout-9d6595d7 wp-block-columns-is-layout-flex\">\n<div class=\"wp-block-column is-layout-flow wp-block-column-is-layout-flow\" style=\"flex-basis:33.33%\">\n<div class=\"wp-block-image\"><figure class=\"aligncenter size-large is-resized\"><img loading=\"lazy\" decoding=\"async\" src=\"https:\/\/www.neu-monteurzimmer-duisburg.de\/wp-content\/uploads\/2021\/01\/07-kitchen-bih.jpg\" alt=\"\" class=\"wp-image-97\" width=\"100\" height=\"100\" srcset=\"https:\/\/www.neu-monteurzimmer-duisburg.de\/wp-content\/uploads\/2021\/01\/07-kitchen-bih.jpg 631w, https:\/\/www.neu-monteurzimmer-duisburg.de\/wp-content\/uploads\/2021\/01\/07-kitchen-bih-300x300.jpg 300w, https:\/\/www.neu-monteurzimmer-duisburg.de\/wp-content\/uploads\/2021\/01\/07-kitchen-bih-150x150.jpg 150w, https:\/\/www.neu-monteurzimmer-duisburg.de\/wp-content\/uploads\/2021\/01\/07-kitchen-bih-560x560.jpg 560w\" sizes=\"(max-width: 100px) 100vw, 100px\" \/><\/figure><\/div>\n<\/div>\n\n\n\n<div class=\"wp-block-column is-layout-flow wp-block-column-is-layout-flow\" style=\"flex-basis:66.66%\">\n<p>Stan ima vlastitu potpuno opremljenu kuhinju (posu\u0111e, pribor za jelo, pe\u0107nica, napa, kerami\u010dka plo\u010da za kuhanje, mikrovalna pe\u0107nica, fri\u017eider, kuhalo za vodu, \u2026).<\/p>\n<\/div>\n<\/div>\n\n\n\n<div class=\"wp-block-columns is-layout-flex wp-container-core-columns-is-layout-9d6595d7 wp-block-columns-is-layout-flex\">\n<div class=\"wp-block-column is-layout-flow wp-block-column-is-layout-flow\" style=\"flex-basis:33.33%\">\n<div class=\"wp-block-image\"><figure class=\"aligncenter size-large is-resized\"><img loading=\"lazy\" decoding=\"async\" src=\"https:\/\/www.neu-monteurzimmer-duisburg.de\/wp-content\/uploads\/2021\/01\/03-miza-bih.jpg\" alt=\"\" class=\"wp-image-89\" width=\"100\" height=\"100\" srcset=\"https:\/\/www.neu-monteurzimmer-duisburg.de\/wp-content\/uploads\/2021\/01\/03-miza-bih.jpg 631w, https:\/\/www.neu-monteurzimmer-duisburg.de\/wp-content\/uploads\/2021\/01\/03-miza-bih-300x300.jpg 300w, https:\/\/www.neu-monteurzimmer-duisburg.de\/wp-content\/uploads\/2021\/01\/03-miza-bih-150x150.jpg 150w, https:\/\/www.neu-monteurzimmer-duisburg.de\/wp-content\/uploads\/2021\/01\/03-miza-bih-560x560.jpg 560w\" sizes=\"(max-width: 100px) 100vw, 100px\" \/><\/figure><\/div>\n<\/div>\n\n\n\n<div class=\"wp-block-column is-layout-flow wp-block-column-is-layout-flow\" style=\"flex-basis:66.66%\">\n<p>Trepezarija ima veliki trpezarijski sto za 6 osoba.<\/p>\n<\/div>\n<\/div>\n\n\n\n<div class=\"wp-block-columns is-layout-flex wp-container-core-columns-is-layout-9d6595d7 wp-block-columns-is-layout-flex\">\n<div class=\"wp-block-column is-layout-flow wp-block-column-is-layout-flow\" style=\"flex-basis:33.33%\">\n<div class=\"wp-block-image\"><figure class=\"aligncenter size-large is-resized\"><img loading=\"lazy\" decoding=\"async\" src=\"https:\/\/www.neu-monteurzimmer-duisburg.de\/wp-content\/uploads\/2021\/01\/02-TV-uk-de-si-bih.jpg\" alt=\"\" class=\"wp-image-74\" width=\"100\" height=\"100\" srcset=\"https:\/\/www.neu-monteurzimmer-duisburg.de\/wp-content\/uploads\/2021\/01\/02-TV-uk-de-si-bih.jpg 631w, https:\/\/www.neu-monteurzimmer-duisburg.de\/wp-content\/uploads\/2021\/01\/02-TV-uk-de-si-bih-300x300.jpg 300w, https:\/\/www.neu-monteurzimmer-duisburg.de\/wp-content\/uploads\/2021\/01\/02-TV-uk-de-si-bih-150x150.jpg 150w, https:\/\/www.neu-monteurzimmer-duisburg.de\/wp-content\/uploads\/2021\/01\/02-TV-uk-de-si-bih-559x560.jpg 559w\" sizes=\"(max-width: 100px) 100vw, 100px\" \/><\/figure><\/div>\n<\/div>\n\n\n\n<div class=\"wp-block-column is-layout-flow wp-block-column-is-layout-flow\" style=\"flex-basis:66.66%\">\n<p>Stan ima veliki LED TV promjera 50 &#8220;. Televizor ima lokalne TV kanale, a TV je povezan na Internet (Youtube, \u2026).<\/p>\n<\/div>\n<\/div>\n\n\n\n<div class=\"wp-block-columns is-layout-flex wp-container-core-columns-is-layout-9d6595d7 wp-block-columns-is-layout-flex\">\n<div class=\"wp-block-column is-layout-flow wp-block-column-is-layout-flow\" style=\"flex-basis:33.33%\">\n<div class=\"wp-block-image\"><figure class=\"aligncenter size-large is-resized\"><img loading=\"lazy\" decoding=\"async\" src=\"https:\/\/www.neu-monteurzimmer-duisburg.de\/wp-content\/uploads\/2021\/01\/01-internet-uk-de-si-bih.jpg\" alt=\"\" class=\"wp-image-72\" width=\"100\" height=\"100\" srcset=\"https:\/\/www.neu-monteurzimmer-duisburg.de\/wp-content\/uploads\/2021\/01\/01-internet-uk-de-si-bih.jpg 631w, https:\/\/www.neu-monteurzimmer-duisburg.de\/wp-content\/uploads\/2021\/01\/01-internet-uk-de-si-bih-300x300.jpg 300w, https:\/\/www.neu-monteurzimmer-duisburg.de\/wp-content\/uploads\/2021\/01\/01-internet-uk-de-si-bih-150x150.jpg 150w, https:\/\/www.neu-monteurzimmer-duisburg.de\/wp-content\/uploads\/2021\/01\/01-internet-uk-de-si-bih-559x560.jpg 559w\" sizes=\"(max-width: 100px) 100vw, 100px\" \/><\/figure><\/div>\n<\/div>\n\n\n\n<div class=\"wp-block-column is-layout-flow wp-block-column-is-layout-flow\" style=\"flex-basis:66.66%\">\n<p>Znaju\u0107i da je Internet danas vrlo va\u017ean, omogu\u0107ili smo vam pristup \u0161irokopojasnom internet vezom od 1 Gbit\/s. <\/p>\n<\/div>\n<\/div>\n\n\n\n<div class=\"wp-block-columns is-layout-flex wp-container-core-columns-is-layout-9d6595d7 wp-block-columns-is-layout-flex\">\n<div class=\"wp-block-column is-layout-flow wp-block-column-is-layout-flow\" style=\"flex-basis:33.33%\">\n<div class=\"wp-block-image\"><figure class=\"aligncenter size-large is-resized\"><img loading=\"lazy\" decoding=\"async\" src=\"https:\/\/www.neu-monteurzimmer-duisburg.de\/wp-content\/uploads\/2021\/01\/06-loundry-bih.jpg\" alt=\"\" class=\"wp-image-94\" width=\"100\" height=\"100\" srcset=\"https:\/\/www.neu-monteurzimmer-duisburg.de\/wp-content\/uploads\/2021\/01\/06-loundry-bih.jpg 631w, https:\/\/www.neu-monteurzimmer-duisburg.de\/wp-content\/uploads\/2021\/01\/06-loundry-bih-300x300.jpg 300w, https:\/\/www.neu-monteurzimmer-duisburg.de\/wp-content\/uploads\/2021\/01\/06-loundry-bih-150x150.jpg 150w, https:\/\/www.neu-monteurzimmer-duisburg.de\/wp-content\/uploads\/2021\/01\/06-loundry-bih-560x560.jpg 560w\" sizes=\"(max-width: 100px) 100vw, 100px\" \/><\/figure><\/div>\n<\/div>\n\n\n\n<div class=\"wp-block-column is-layout-flow wp-block-column-is-layout-flow\" style=\"flex-basis:66.66%\">\n<p>U podrumu smo instalirali prostranu praonicu rublja koja ima 2 potpuno nove ma\u0161ine za pranje rublja i 2 potpuno nove su\u0161ilice za rublje. Obje ma\u0161ine se mogu koristiti besplatno tokom boravka.<\/p>\n<\/div>\n<\/div>\n\n\n\n<p>Iza ku\u0107e je veliki vrt: s vrtnom garniturom.<\/p>\n\n\n\n<p><strong>DODATNE INFORMACIJE O CIJEN<\/strong><\/p>\n","protected":false},"excerpt":{"rendered":"<p>Stan za 4 osobe OPIS Mo\u017eete se useliti u stan bez na\u0161eg kontakta. Na ulazu u ku\u0107u nalaze se sefovi s klju\u010devima. Na taj na\u010din mo\u017eete u\u0107i u dogovoreni dan u bilo koje vrijeme (24\/7). Stan ima vlastitu potpuno opremljenu kuhinju (posu\u0111e, pribor za jelo, pe\u0107nica, napa, kerami\u010dka plo\u010da za kuhanje, mikrovalna pe\u0107nica, fri\u017eider, kuhalo &hellip; <a href=\"https:\/\/www.neu-monteurzimmer-duisburg.de\/?page_id=262&#038;lang=bs\" class=\"more-link\">Continue reading<span class=\"screen-reader-text\"> &#8220;Stan 1-2&#8221;<\/span><\/a><\/p>\n","protected":false},"author":1,"featured_media":0,"parent":0,"menu_order":0,"comment_status":"closed","ping_status":"closed","template":"","meta":{"footnotes":""},"class_list":["post-262","page","type-page","status-publish","hentry"],"_links":{"self":[{"href":"https:\/\/www.neu-monteurzimmer-duisburg.de\/index.php?rest_route=\/wp\/v2\/pages\/262","targetHints":{"allow":["GET"]}}],"collection":[{"href":"https:\/\/www.neu-monteurzimmer-duisburg.de\/index.php?rest_route=\/wp\/v2\/pages"}],"about":[{"href":"https:\/\/www.neu-monteurzimmer-duisburg.de\/index.php?rest_route=\/wp\/v2\/types\/page"}],"author":[{"embeddable":true,"href":"https:\/\/www.neu-monteurzimmer-duisburg.de\/index.php?rest_route=\/wp\/v2\/users\/1"}],"replies":[{"embeddable":true,"href":"https:\/\/www.neu-monteurzimmer-duisburg.de\/index.php?rest_route=%2Fwp%2Fv2%2Fcomments&post=262"}],"version-history":[{"count":4,"href":"https:\/\/www.neu-monteurzimmer-duisburg.de\/index.php?rest_route=\/wp\/v2\/pages\/262\/revisions"}],"predecessor-version":[{"id":727,"href":"https:\/\/www.neu-monteurzimmer-duisburg.de\/index.php?rest_route=\/wp\/v2\/pages\/262\/revisions\/727"}],"wp:attachment":[{"href":"https:\/\/www.neu-monteurzimmer-duisburg.de\/index.php?rest_route=%2Fwp%2Fv2%2Fmedia&parent=262"}],"curies":[{"name":"wp","href":"https:\/\/api.w.org\/{rel}","templated":true}]}}