{"id":236,"date":"2021-01-24T20:49:39","date_gmt":"2021-01-24T20:49:39","guid":{"rendered":"https:\/\/www.neu-monteurzimmer-duisburg.de\/?page_id=236"},"modified":"2021-02-09T10:39:39","modified_gmt":"2021-02-09T10:39:39","slug":"stanovanje-3-1","status":"publish","type":"page","link":"https:\/\/www.neu-monteurzimmer-duisburg.de\/?page_id=236&lang=sl","title":{"rendered":"Stanovanje 3-1"},"content":{"rendered":"\n<p>Stanovanje za 3 osebe<\/p>\n\n\n\n<figure class=\"wp-block-gallery columns-3 is-cropped wp-block-gallery-1 is-layout-flex wp-block-gallery-is-layout-flex\"><ul class=\"blocks-gallery-grid\"><li class=\"blocks-gallery-item\"><figure><a href=\"https:\/\/www.neu-monteurzimmer-duisburg.de\/wp-content\/uploads\/2021\/02\/3-1-kuh-1-scaled.jpg\"><img decoding=\"async\" width=\"150\" height=\"150\" src=\"https:\/\/www.neu-monteurzimmer-duisburg.de\/wp-content\/uploads\/2021\/02\/3-1-kuh-1-150x150.jpg\" alt=\"\" data-id=\"513\" data-full-url=\"https:\/\/www.neu-monteurzimmer-duisburg.de\/wp-content\/uploads\/2021\/02\/3-1-kuh-1-scaled.jpg\" data-link=\"https:\/\/www.neu-monteurzimmer-duisburg.de\/sl\/stanovanje-3-1\/3-1-kuh-1\/\" class=\"wp-image-513\"\/><\/a><\/figure><\/li><li class=\"blocks-gallery-item\"><figure><a href=\"https:\/\/www.neu-monteurzimmer-duisburg.de\/wp-content\/uploads\/2021\/02\/3-1-kuh-2-scaled.jpg\"><img decoding=\"async\" width=\"150\" height=\"150\" src=\"https:\/\/www.neu-monteurzimmer-duisburg.de\/wp-content\/uploads\/2021\/02\/3-1-kuh-2-150x150.jpg\" alt=\"\" data-id=\"514\" data-full-url=\"https:\/\/www.neu-monteurzimmer-duisburg.de\/wp-content\/uploads\/2021\/02\/3-1-kuh-2-scaled.jpg\" data-link=\"https:\/\/www.neu-monteurzimmer-duisburg.de\/sl\/stanovanje-3-1\/3-1-kuh-2\/\" class=\"wp-image-514\"\/><\/a><\/figure><\/li><li class=\"blocks-gallery-item\"><figure><a href=\"https:\/\/www.neu-monteurzimmer-duisburg.de\/wp-content\/uploads\/2021\/02\/3-1-kuh-3-scaled.jpg\"><img decoding=\"async\" width=\"150\" height=\"150\" src=\"https:\/\/www.neu-monteurzimmer-duisburg.de\/wp-content\/uploads\/2021\/02\/3-1-kuh-3-150x150.jpg\" alt=\"\" data-id=\"515\" data-full-url=\"https:\/\/www.neu-monteurzimmer-duisburg.de\/wp-content\/uploads\/2021\/02\/3-1-kuh-3-scaled.jpg\" data-link=\"https:\/\/www.neu-monteurzimmer-duisburg.de\/sl\/stanovanje-3-1\/3-1-kuh-3\/\" class=\"wp-image-515\"\/><\/a><\/figure><\/li><li class=\"blocks-gallery-item\"><figure><a href=\"https:\/\/www.neu-monteurzimmer-duisburg.de\/wp-content\/uploads\/2021\/02\/3-1-kuh-4-scaled.jpg\"><img loading=\"lazy\" decoding=\"async\" width=\"150\" height=\"150\" src=\"https:\/\/www.neu-monteurzimmer-duisburg.de\/wp-content\/uploads\/2021\/02\/3-1-kuh-4-150x150.jpg\" alt=\"\" data-id=\"516\" data-full-url=\"https:\/\/www.neu-monteurzimmer-duisburg.de\/wp-content\/uploads\/2021\/02\/3-1-kuh-4-scaled.jpg\" data-link=\"https:\/\/www.neu-monteurzimmer-duisburg.de\/sl\/stanovanje-3-1\/3-1-kuh-4\/\" class=\"wp-image-516\"\/><\/a><\/figure><\/li><li class=\"blocks-gallery-item\"><figure><a href=\"https:\/\/www.neu-monteurzimmer-duisburg.de\/wp-content\/uploads\/2021\/02\/3-1-spa-1-scaled.jpg\"><img loading=\"lazy\" decoding=\"async\" width=\"150\" height=\"150\" src=\"https:\/\/www.neu-monteurzimmer-duisburg.de\/wp-content\/uploads\/2021\/02\/3-1-spa-1-150x150.jpg\" alt=\"\" data-id=\"517\" data-full-url=\"https:\/\/www.neu-monteurzimmer-duisburg.de\/wp-content\/uploads\/2021\/02\/3-1-spa-1-scaled.jpg\" data-link=\"https:\/\/www.neu-monteurzimmer-duisburg.de\/sl\/stanovanje-3-1\/3-1-spa-1\/\" class=\"wp-image-517\"\/><\/a><\/figure><\/li><li class=\"blocks-gallery-item\"><figure><a href=\"https:\/\/www.neu-monteurzimmer-duisburg.de\/wp-content\/uploads\/2021\/02\/3-1-spa-2-scaled.jpg\"><img loading=\"lazy\" decoding=\"async\" width=\"150\" height=\"150\" src=\"https:\/\/www.neu-monteurzimmer-duisburg.de\/wp-content\/uploads\/2021\/02\/3-1-spa-2-150x150.jpg\" alt=\"\" data-id=\"518\" data-full-url=\"https:\/\/www.neu-monteurzimmer-duisburg.de\/wp-content\/uploads\/2021\/02\/3-1-spa-2-scaled.jpg\" data-link=\"https:\/\/www.neu-monteurzimmer-duisburg.de\/sl\/stanovanje-3-1\/3-1-spa-2\/\" class=\"wp-image-518\"\/><\/a><\/figure><\/li><li class=\"blocks-gallery-item\"><figure><a href=\"https:\/\/www.neu-monteurzimmer-duisburg.de\/wp-content\/uploads\/2021\/02\/3-1-vhod-1-scaled.jpg\"><img loading=\"lazy\" decoding=\"async\" width=\"150\" height=\"150\" src=\"https:\/\/www.neu-monteurzimmer-duisburg.de\/wp-content\/uploads\/2021\/02\/3-1-vhod-1-150x150.jpg\" alt=\"\" data-id=\"519\" data-full-url=\"https:\/\/www.neu-monteurzimmer-duisburg.de\/wp-content\/uploads\/2021\/02\/3-1-vhod-1-scaled.jpg\" data-link=\"https:\/\/www.neu-monteurzimmer-duisburg.de\/sl\/stanovanje-3-1\/3-1-vhod-1\/\" class=\"wp-image-519\"\/><\/a><\/figure><\/li><li class=\"blocks-gallery-item\"><figure><a href=\"https:\/\/www.neu-monteurzimmer-duisburg.de\/wp-content\/uploads\/2021\/02\/3-1-vhod-2-scaled.jpg\"><img loading=\"lazy\" decoding=\"async\" width=\"150\" height=\"150\" src=\"https:\/\/www.neu-monteurzimmer-duisburg.de\/wp-content\/uploads\/2021\/02\/3-1-vhod-2-150x150.jpg\" alt=\"\" data-id=\"520\" data-full-url=\"https:\/\/www.neu-monteurzimmer-duisburg.de\/wp-content\/uploads\/2021\/02\/3-1-vhod-2-scaled.jpg\" data-link=\"https:\/\/www.neu-monteurzimmer-duisburg.de\/sl\/stanovanje-3-1\/3-1-vhod-2\/\" class=\"wp-image-520\"\/><\/a><\/figure><\/li><li class=\"blocks-gallery-item\"><figure><a href=\"https:\/\/www.neu-monteurzimmer-duisburg.de\/wp-content\/uploads\/2021\/02\/3-1-kop-2-scaled.jpg\"><img loading=\"lazy\" decoding=\"async\" width=\"150\" height=\"150\" src=\"https:\/\/www.neu-monteurzimmer-duisburg.de\/wp-content\/uploads\/2021\/02\/3-1-kop-2-150x150.jpg\" alt=\"\" data-id=\"509\" data-full-url=\"https:\/\/www.neu-monteurzimmer-duisburg.de\/wp-content\/uploads\/2021\/02\/3-1-kop-2-scaled.jpg\" data-link=\"https:\/\/www.neu-monteurzimmer-duisburg.de\/sl\/stanovanje-3-1\/3-1-kop-2\/\" class=\"wp-image-509\"\/><\/a><\/figure><\/li><li class=\"blocks-gallery-item\"><figure><a href=\"https:\/\/www.neu-monteurzimmer-duisburg.de\/wp-content\/uploads\/2021\/02\/3-1-kop-3-scaled.jpg\"><img loading=\"lazy\" decoding=\"async\" width=\"150\" height=\"150\" src=\"https:\/\/www.neu-monteurzimmer-duisburg.de\/wp-content\/uploads\/2021\/02\/3-1-kop-3-150x150.jpg\" alt=\"\" data-id=\"510\" data-full-url=\"https:\/\/www.neu-monteurzimmer-duisburg.de\/wp-content\/uploads\/2021\/02\/3-1-kop-3-scaled.jpg\" data-link=\"https:\/\/www.neu-monteurzimmer-duisburg.de\/sl\/stanovanje-3-1\/3-1-kop-3\/\" class=\"wp-image-510\"\/><\/a><\/figure><\/li><li class=\"blocks-gallery-item\"><figure><a href=\"https:\/\/www.neu-monteurzimmer-duisburg.de\/wp-content\/uploads\/2021\/02\/3-1-kop-1-scaled.jpg\"><img loading=\"lazy\" decoding=\"async\" width=\"150\" height=\"150\" src=\"https:\/\/www.neu-monteurzimmer-duisburg.de\/wp-content\/uploads\/2021\/02\/3-1-kop-1-150x150.jpg\" alt=\"\" data-id=\"508\" data-full-url=\"https:\/\/www.neu-monteurzimmer-duisburg.de\/wp-content\/uploads\/2021\/02\/3-1-kop-1-scaled.jpg\" data-link=\"https:\/\/www.neu-monteurzimmer-duisburg.de\/sl\/stanovanje-3-1\/3-1-kop-1\/\" class=\"wp-image-508\"\/><\/a><\/figure><\/li><li class=\"blocks-gallery-item\"><figure><a href=\"https:\/\/www.neu-monteurzimmer-duisburg.de\/wp-content\/uploads\/2021\/02\/3-1-kop-4-scaled.jpg\"><img loading=\"lazy\" decoding=\"async\" width=\"150\" height=\"150\" src=\"https:\/\/www.neu-monteurzimmer-duisburg.de\/wp-content\/uploads\/2021\/02\/3-1-kop-4-150x150.jpg\" alt=\"\" data-id=\"512\" data-full-url=\"https:\/\/www.neu-monteurzimmer-duisburg.de\/wp-content\/uploads\/2021\/02\/3-1-kop-4-scaled.jpg\" data-link=\"https:\/\/www.neu-monteurzimmer-duisburg.de\/sl\/stanovanje-3-1\/3-1-kop-4\/\" class=\"wp-image-512\"\/><\/a><\/figure><\/li><\/ul><\/figure>\n\n\n\n<p><strong>OPIS<\/strong><br><\/p>\n\n\n\n<div class=\"wp-block-columns is-layout-flex wp-container-core-columns-is-layout-9d6595d7 wp-block-columns-is-layout-flex\">\n<div class=\"wp-block-column is-layout-flow wp-block-column-is-layout-flow\" style=\"flex-basis:33.33%\">\n<div class=\"wp-block-image\"><figure class=\"aligncenter size-large is-resized\"><img loading=\"lazy\" decoding=\"async\" src=\"https:\/\/www.neu-monteurzimmer-duisburg.de\/wp-content\/uploads\/2021\/01\/04-arrival-si.jpg\" alt=\"\" class=\"wp-image-76\" width=\"100\" height=\"100\" srcset=\"https:\/\/www.neu-monteurzimmer-duisburg.de\/wp-content\/uploads\/2021\/01\/04-arrival-si.jpg 631w, https:\/\/www.neu-monteurzimmer-duisburg.de\/wp-content\/uploads\/2021\/01\/04-arrival-si-300x300.jpg 300w, https:\/\/www.neu-monteurzimmer-duisburg.de\/wp-content\/uploads\/2021\/01\/04-arrival-si-150x150.jpg 150w, https:\/\/www.neu-monteurzimmer-duisburg.de\/wp-content\/uploads\/2021\/01\/04-arrival-si-559x560.jpg 559w\" sizes=\"(max-width: 100px) 100vw, 100px\" \/><\/figure><\/div>\n<\/div>\n\n\n\n<div class=\"wp-block-column is-layout-flow wp-block-column-is-layout-flow\" style=\"flex-basis:66.66%\">\n<p>V stanovanje se vselite brez na\u0161ega stika. Pri vhodu v hi\u0161o so name\u0161\u010deni trezorji s klju\u010di. Tako se lahko na dogovorjeni dan vselite kadarkoli (24\/7).<\/p>\n<\/div>\n<\/div>\n\n\n\n<div class=\"wp-block-columns is-layout-flex wp-container-core-columns-is-layout-9d6595d7 wp-block-columns-is-layout-flex\">\n<div class=\"wp-block-column is-layout-flow wp-block-column-is-layout-flow\" style=\"flex-basis:33.33%\">\n<div class=\"wp-block-image\"><figure class=\"aligncenter size-large is-resized\"><img loading=\"lazy\" decoding=\"async\" src=\"https:\/\/www.neu-monteurzimmer-duisburg.de\/wp-content\/uploads\/2021\/01\/07-kitchen-de.jpg\" alt=\"\" class=\"wp-image-98\" width=\"100\" height=\"100\" srcset=\"https:\/\/www.neu-monteurzimmer-duisburg.de\/wp-content\/uploads\/2021\/01\/07-kitchen-de.jpg 632w, https:\/\/www.neu-monteurzimmer-duisburg.de\/wp-content\/uploads\/2021\/01\/07-kitchen-de-300x300.jpg 300w, https:\/\/www.neu-monteurzimmer-duisburg.de\/wp-content\/uploads\/2021\/01\/07-kitchen-de-150x150.jpg 150w, https:\/\/www.neu-monteurzimmer-duisburg.de\/wp-content\/uploads\/2021\/01\/07-kitchen-de-561x560.jpg 561w\" sizes=\"(max-width: 100px) 100vw, 100px\" \/><\/figure><\/div>\n<\/div>\n\n\n\n<div class=\"wp-block-column is-layout-flow wp-block-column-is-layout-flow\" style=\"flex-basis:66.66%\">\n<p>Stanovanje ima lastno popolnoma opremljeno kuhinjo (posoda, pribor, pe\u010dica, napa, hladilnik, kerami\u010dna plo\u0161\u010da, mikrovalovna pe\u010dica, kuhalnik vode, &#8230;).<\/p>\n<\/div>\n<\/div>\n\n\n\n<div class=\"wp-block-columns is-layout-flex wp-container-core-columns-is-layout-9d6595d7 wp-block-columns-is-layout-flex\">\n<div class=\"wp-block-column is-layout-flow wp-block-column-is-layout-flow\" style=\"flex-basis:33.33%\">\n<div class=\"wp-block-image\"><figure class=\"aligncenter size-large is-resized\"><img loading=\"lazy\" decoding=\"async\" src=\"https:\/\/www.neu-monteurzimmer-duisburg.de\/wp-content\/uploads\/2021\/01\/03-miza-si.jpg\" alt=\"\" class=\"wp-image-75\" width=\"100\" height=\"100\" srcset=\"https:\/\/www.neu-monteurzimmer-duisburg.de\/wp-content\/uploads\/2021\/01\/03-miza-si.jpg 631w, https:\/\/www.neu-monteurzimmer-duisburg.de\/wp-content\/uploads\/2021\/01\/03-miza-si-300x300.jpg 300w, https:\/\/www.neu-monteurzimmer-duisburg.de\/wp-content\/uploads\/2021\/01\/03-miza-si-150x150.jpg 150w, https:\/\/www.neu-monteurzimmer-duisburg.de\/wp-content\/uploads\/2021\/01\/03-miza-si-560x560.jpg 560w\" sizes=\"(max-width: 100px) 100vw, 100px\" \/><\/figure><\/div>\n<\/div>\n\n\n\n<div class=\"wp-block-column is-layout-flow wp-block-column-is-layout-flow\" style=\"flex-basis:66.66%\">\n<p>V jedilnici je velika miza za 6 oseb. <\/p>\n<\/div>\n<\/div>\n\n\n\n<div class=\"wp-block-columns is-layout-flex wp-container-core-columns-is-layout-9d6595d7 wp-block-columns-is-layout-flex\">\n<div class=\"wp-block-column is-layout-flow wp-block-column-is-layout-flow\" style=\"flex-basis:33.33%\">\n<div class=\"wp-block-image\"><figure class=\"aligncenter size-large is-resized\"><img loading=\"lazy\" decoding=\"async\" src=\"https:\/\/www.neu-monteurzimmer-duisburg.de\/wp-content\/uploads\/2021\/01\/02-TV-uk-de-si-bih.jpg\" alt=\"\" class=\"wp-image-74\" width=\"100\" height=\"100\" srcset=\"https:\/\/www.neu-monteurzimmer-duisburg.de\/wp-content\/uploads\/2021\/01\/02-TV-uk-de-si-bih.jpg 631w, https:\/\/www.neu-monteurzimmer-duisburg.de\/wp-content\/uploads\/2021\/01\/02-TV-uk-de-si-bih-300x300.jpg 300w, https:\/\/www.neu-monteurzimmer-duisburg.de\/wp-content\/uploads\/2021\/01\/02-TV-uk-de-si-bih-150x150.jpg 150w, https:\/\/www.neu-monteurzimmer-duisburg.de\/wp-content\/uploads\/2021\/01\/02-TV-uk-de-si-bih-559x560.jpg 559w\" sizes=\"(max-width: 100px) 100vw, 100px\" \/><\/figure><\/div>\n<\/div>\n\n\n\n<div class=\"wp-block-column is-layout-flow wp-block-column-is-layout-flow\" style=\"flex-basis:66.66%\">\n<p>V stanovanju so name\u0161\u010deni Smart LED televizorji z velikim premerom: 50&#8243;. Na televizorju so dosegljivi lokalni TV programi. TV je povezan z Internetom (YouTube, &#8230;). <\/p>\n<\/div>\n<\/div>\n\n\n\n<div class=\"wp-block-columns is-layout-flex wp-container-core-columns-is-layout-9d6595d7 wp-block-columns-is-layout-flex\">\n<div class=\"wp-block-column is-layout-flow wp-block-column-is-layout-flow\" style=\"flex-basis:33.33%\">\n<div class=\"wp-block-image\"><figure class=\"aligncenter size-large is-resized\"><img loading=\"lazy\" decoding=\"async\" src=\"https:\/\/www.neu-monteurzimmer-duisburg.de\/wp-content\/uploads\/2021\/01\/01-internet-uk-de-si-bih.jpg\" alt=\"\" class=\"wp-image-72\" width=\"100\" height=\"100\" srcset=\"https:\/\/www.neu-monteurzimmer-duisburg.de\/wp-content\/uploads\/2021\/01\/01-internet-uk-de-si-bih.jpg 631w, https:\/\/www.neu-monteurzimmer-duisburg.de\/wp-content\/uploads\/2021\/01\/01-internet-uk-de-si-bih-300x300.jpg 300w, https:\/\/www.neu-monteurzimmer-duisburg.de\/wp-content\/uploads\/2021\/01\/01-internet-uk-de-si-bih-150x150.jpg 150w, https:\/\/www.neu-monteurzimmer-duisburg.de\/wp-content\/uploads\/2021\/01\/01-internet-uk-de-si-bih-559x560.jpg 559w\" sizes=\"(max-width: 100px) 100vw, 100px\" \/><\/figure><\/div>\n<\/div>\n\n\n\n<div class=\"wp-block-column is-layout-flow wp-block-column-is-layout-flow\" style=\"flex-basis:66.66%\">\n<p>Ker vemo kako pomemben je danes dostop do spleta, je v stanovanju omogo\u010den \u0161irokopasovni dostop s povezavo do 1Gbps. Nastavitve za prijavo najdete v navodilih. <\/p>\n<\/div>\n<\/div>\n\n\n\n<div class=\"wp-block-columns is-layout-flex wp-container-core-columns-is-layout-9d6595d7 wp-block-columns-is-layout-flex\">\n<div class=\"wp-block-column is-layout-flow wp-block-column-is-layout-flow\" style=\"flex-basis:33.33%\">\n<div class=\"wp-block-image\"><figure class=\"aligncenter size-large is-resized\"><img loading=\"lazy\" decoding=\"async\" src=\"https:\/\/www.neu-monteurzimmer-duisburg.de\/wp-content\/uploads\/2021\/01\/06-loundry-si.jpg\" alt=\"\" class=\"wp-image-78\" width=\"100\" height=\"100\" srcset=\"https:\/\/www.neu-monteurzimmer-duisburg.de\/wp-content\/uploads\/2021\/01\/06-loundry-si.jpg 631w, https:\/\/www.neu-monteurzimmer-duisburg.de\/wp-content\/uploads\/2021\/01\/06-loundry-si-300x300.jpg 300w, https:\/\/www.neu-monteurzimmer-duisburg.de\/wp-content\/uploads\/2021\/01\/06-loundry-si-150x150.jpg 150w, https:\/\/www.neu-monteurzimmer-duisburg.de\/wp-content\/uploads\/2021\/01\/06-loundry-si-560x560.jpg 560w\" sizes=\"(max-width: 100px) 100vw, 100px\" \/><\/figure><\/div>\n<\/div>\n\n\n\n<div class=\"wp-block-column is-layout-flow wp-block-column-is-layout-flow\" style=\"flex-basis:66.66%\">\n<p>V kleti se nahaja pralnica, kjer sta name\u0161\u010dena 2 nova pralna stroja in 2 nova su\u0161ilca. Naprave lahko koristite brezpla\u010dno. <\/p>\n<\/div>\n<\/div>\n\n\n\n<p>Za hi\u0161o se nahaja velik vrt. Opremljen je z vrtnim pohi\u0161tvom. <\/p>\n\n\n\n<p><strong>INFORMACIJE O CENI<\/strong><\/p>\n","protected":false},"excerpt":{"rendered":"<p>Stanovanje za 3 osebe OPIS V stanovanje se vselite brez na\u0161ega stika. Pri vhodu v hi\u0161o so name\u0161\u010deni trezorji s klju\u010di. Tako se lahko na dogovorjeni dan vselite kadarkoli (24\/7). Stanovanje ima lastno popolnoma opremljeno kuhinjo (posoda, pribor, pe\u010dica, napa, hladilnik, kerami\u010dna plo\u0161\u010da, mikrovalovna pe\u010dica, kuhalnik vode, &#8230;). V jedilnici je velika miza za 6 &hellip; <a href=\"https:\/\/www.neu-monteurzimmer-duisburg.de\/?page_id=236&#038;lang=sl\" class=\"more-link\">Continue reading<span class=\"screen-reader-text\"> &#8220;Stanovanje 3-1&#8221;<\/span><\/a><\/p>\n","protected":false},"author":1,"featured_media":0,"parent":0,"menu_order":0,"comment_status":"closed","ping_status":"closed","template":"","meta":{"footnotes":""},"class_list":["post-236","page","type-page","status-publish","hentry"],"_links":{"self":[{"href":"https:\/\/www.neu-monteurzimmer-duisburg.de\/index.php?rest_route=\/wp\/v2\/pages\/236","targetHints":{"allow":["GET"]}}],"collection":[{"href":"https:\/\/www.neu-monteurzimmer-duisburg.de\/index.php?rest_route=\/wp\/v2\/pages"}],"about":[{"href":"https:\/\/www.neu-monteurzimmer-duisburg.de\/index.php?rest_route=\/wp\/v2\/types\/page"}],"author":[{"embeddable":true,"href":"https:\/\/www.neu-monteurzimmer-duisburg.de\/index.php?rest_route=\/wp\/v2\/users\/1"}],"replies":[{"embeddable":true,"href":"https:\/\/www.neu-monteurzimmer-duisburg.de\/index.php?rest_route=%2Fwp%2Fv2%2Fcomments&post=236"}],"version-history":[{"count":6,"href":"https:\/\/www.neu-monteurzimmer-duisburg.de\/index.php?rest_route=\/wp\/v2\/pages\/236\/revisions"}],"predecessor-version":[{"id":534,"href":"https:\/\/www.neu-monteurzimmer-duisburg.de\/index.php?rest_route=\/wp\/v2\/pages\/236\/revisions\/534"}],"wp:attachment":[{"href":"https:\/\/www.neu-monteurzimmer-duisburg.de\/index.php?rest_route=%2Fwp%2Fv2%2Fmedia&parent=236"}],"curies":[{"name":"wp","href":"https:\/\/api.w.org\/{rel}","templated":true}]}}