{"id":207,"date":"2021-01-24T20:16:45","date_gmt":"2021-01-24T20:16:45","guid":{"rendered":"https:\/\/www.neu-monteurzimmer-duisburg.de\/?page_id=207"},"modified":"2021-02-25T09:28:43","modified_gmt":"2021-02-25T09:28:43","slug":"wohnung-3-1","status":"publish","type":"page","link":"https:\/\/www.neu-monteurzimmer-duisburg.de\/?page_id=207","title":{"rendered":"Wohnung 3-1"},"content":{"rendered":"\n<p>Wohnung f\u00fcr 3 Personen<\/p>\n\n\n\n<figure class=\"wp-block-gallery columns-3 is-cropped wp-block-gallery-1 is-layout-flex wp-block-gallery-is-layout-flex\"><ul class=\"blocks-gallery-grid\"><li class=\"blocks-gallery-item\"><figure><a href=\"https:\/\/www.neu-monteurzimmer-duisburg.de\/wp-content\/uploads\/2021\/02\/3-1-kuh-1-scaled.jpg\"><img decoding=\"async\" width=\"150\" height=\"150\" src=\"https:\/\/www.neu-monteurzimmer-duisburg.de\/wp-content\/uploads\/2021\/02\/3-1-kuh-1-150x150.jpg\" alt=\"\" data-id=\"513\" data-full-url=\"https:\/\/www.neu-monteurzimmer-duisburg.de\/wp-content\/uploads\/2021\/02\/3-1-kuh-1-scaled.jpg\" data-link=\"https:\/\/www.neu-monteurzimmer-duisburg.de\/sl\/stanovanje-3-1\/3-1-kuh-1\/\" class=\"wp-image-513\"\/><\/a><\/figure><\/li><li class=\"blocks-gallery-item\"><figure><a href=\"https:\/\/www.neu-monteurzimmer-duisburg.de\/wp-content\/uploads\/2021\/02\/3-1-kuh-2-scaled.jpg\"><img decoding=\"async\" width=\"150\" height=\"150\" src=\"https:\/\/www.neu-monteurzimmer-duisburg.de\/wp-content\/uploads\/2021\/02\/3-1-kuh-2-150x150.jpg\" alt=\"\" data-id=\"514\" data-full-url=\"https:\/\/www.neu-monteurzimmer-duisburg.de\/wp-content\/uploads\/2021\/02\/3-1-kuh-2-scaled.jpg\" data-link=\"https:\/\/www.neu-monteurzimmer-duisburg.de\/sl\/stanovanje-3-1\/3-1-kuh-2\/\" class=\"wp-image-514\"\/><\/a><\/figure><\/li><li class=\"blocks-gallery-item\"><figure><a href=\"https:\/\/www.neu-monteurzimmer-duisburg.de\/wp-content\/uploads\/2021\/02\/3-1-kuh-3-scaled.jpg\"><img decoding=\"async\" width=\"150\" height=\"150\" src=\"https:\/\/www.neu-monteurzimmer-duisburg.de\/wp-content\/uploads\/2021\/02\/3-1-kuh-3-150x150.jpg\" alt=\"\" data-id=\"515\" data-full-url=\"https:\/\/www.neu-monteurzimmer-duisburg.de\/wp-content\/uploads\/2021\/02\/3-1-kuh-3-scaled.jpg\" data-link=\"https:\/\/www.neu-monteurzimmer-duisburg.de\/sl\/stanovanje-3-1\/3-1-kuh-3\/\" class=\"wp-image-515\"\/><\/a><\/figure><\/li><li class=\"blocks-gallery-item\"><figure><a href=\"https:\/\/www.neu-monteurzimmer-duisburg.de\/wp-content\/uploads\/2021\/02\/3-1-kuh-4-scaled.jpg\"><img loading=\"lazy\" decoding=\"async\" width=\"150\" height=\"150\" src=\"https:\/\/www.neu-monteurzimmer-duisburg.de\/wp-content\/uploads\/2021\/02\/3-1-kuh-4-150x150.jpg\" alt=\"\" data-id=\"516\" data-full-url=\"https:\/\/www.neu-monteurzimmer-duisburg.de\/wp-content\/uploads\/2021\/02\/3-1-kuh-4-scaled.jpg\" data-link=\"https:\/\/www.neu-monteurzimmer-duisburg.de\/sl\/stanovanje-3-1\/3-1-kuh-4\/\" class=\"wp-image-516\"\/><\/a><\/figure><\/li><li class=\"blocks-gallery-item\"><figure><a href=\"https:\/\/www.neu-monteurzimmer-duisburg.de\/wp-content\/uploads\/2021\/02\/3-1-spa-1-scaled.jpg\"><img loading=\"lazy\" decoding=\"async\" width=\"150\" height=\"150\" src=\"https:\/\/www.neu-monteurzimmer-duisburg.de\/wp-content\/uploads\/2021\/02\/3-1-spa-1-150x150.jpg\" alt=\"\" data-id=\"517\" data-full-url=\"https:\/\/www.neu-monteurzimmer-duisburg.de\/wp-content\/uploads\/2021\/02\/3-1-spa-1-scaled.jpg\" data-link=\"https:\/\/www.neu-monteurzimmer-duisburg.de\/sl\/stanovanje-3-1\/3-1-spa-1\/\" class=\"wp-image-517\"\/><\/a><\/figure><\/li><li class=\"blocks-gallery-item\"><figure><a href=\"https:\/\/www.neu-monteurzimmer-duisburg.de\/wp-content\/uploads\/2021\/02\/3-1-spa-2-scaled.jpg\"><img loading=\"lazy\" decoding=\"async\" width=\"150\" height=\"150\" src=\"https:\/\/www.neu-monteurzimmer-duisburg.de\/wp-content\/uploads\/2021\/02\/3-1-spa-2-150x150.jpg\" alt=\"\" data-id=\"518\" data-full-url=\"https:\/\/www.neu-monteurzimmer-duisburg.de\/wp-content\/uploads\/2021\/02\/3-1-spa-2-scaled.jpg\" data-link=\"https:\/\/www.neu-monteurzimmer-duisburg.de\/sl\/stanovanje-3-1\/3-1-spa-2\/\" class=\"wp-image-518\"\/><\/a><\/figure><\/li><li class=\"blocks-gallery-item\"><figure><a href=\"https:\/\/www.neu-monteurzimmer-duisburg.de\/wp-content\/uploads\/2021\/02\/3-1-vhod-1-scaled.jpg\"><img loading=\"lazy\" decoding=\"async\" width=\"150\" height=\"150\" src=\"https:\/\/www.neu-monteurzimmer-duisburg.de\/wp-content\/uploads\/2021\/02\/3-1-vhod-1-150x150.jpg\" alt=\"\" data-id=\"519\" data-full-url=\"https:\/\/www.neu-monteurzimmer-duisburg.de\/wp-content\/uploads\/2021\/02\/3-1-vhod-1-scaled.jpg\" data-link=\"https:\/\/www.neu-monteurzimmer-duisburg.de\/sl\/stanovanje-3-1\/3-1-vhod-1\/\" class=\"wp-image-519\"\/><\/a><\/figure><\/li><li class=\"blocks-gallery-item\"><figure><a href=\"https:\/\/www.neu-monteurzimmer-duisburg.de\/wp-content\/uploads\/2021\/02\/3-1-vhod-2-scaled.jpg\"><img loading=\"lazy\" decoding=\"async\" width=\"150\" height=\"150\" src=\"https:\/\/www.neu-monteurzimmer-duisburg.de\/wp-content\/uploads\/2021\/02\/3-1-vhod-2-150x150.jpg\" alt=\"\" data-id=\"520\" data-full-url=\"https:\/\/www.neu-monteurzimmer-duisburg.de\/wp-content\/uploads\/2021\/02\/3-1-vhod-2-scaled.jpg\" data-link=\"https:\/\/www.neu-monteurzimmer-duisburg.de\/sl\/stanovanje-3-1\/3-1-vhod-2\/\" class=\"wp-image-520\"\/><\/a><\/figure><\/li><li class=\"blocks-gallery-item\"><figure><a href=\"https:\/\/www.neu-monteurzimmer-duisburg.de\/wp-content\/uploads\/2021\/02\/3-1-kop-2-scaled.jpg\"><img loading=\"lazy\" decoding=\"async\" width=\"150\" height=\"150\" src=\"https:\/\/www.neu-monteurzimmer-duisburg.de\/wp-content\/uploads\/2021\/02\/3-1-kop-2-150x150.jpg\" alt=\"\" data-id=\"509\" data-full-url=\"https:\/\/www.neu-monteurzimmer-duisburg.de\/wp-content\/uploads\/2021\/02\/3-1-kop-2-scaled.jpg\" data-link=\"https:\/\/www.neu-monteurzimmer-duisburg.de\/sl\/stanovanje-3-1\/3-1-kop-2\/\" class=\"wp-image-509\"\/><\/a><\/figure><\/li><li class=\"blocks-gallery-item\"><figure><a href=\"https:\/\/www.neu-monteurzimmer-duisburg.de\/wp-content\/uploads\/2021\/02\/3-1-kop-3-scaled.jpg\"><img loading=\"lazy\" decoding=\"async\" width=\"150\" height=\"150\" src=\"https:\/\/www.neu-monteurzimmer-duisburg.de\/wp-content\/uploads\/2021\/02\/3-1-kop-3-150x150.jpg\" alt=\"\" data-id=\"510\" data-full-url=\"https:\/\/www.neu-monteurzimmer-duisburg.de\/wp-content\/uploads\/2021\/02\/3-1-kop-3-scaled.jpg\" data-link=\"https:\/\/www.neu-monteurzimmer-duisburg.de\/sl\/stanovanje-3-1\/3-1-kop-3\/\" class=\"wp-image-510\"\/><\/a><\/figure><\/li><li class=\"blocks-gallery-item\"><figure><a href=\"https:\/\/www.neu-monteurzimmer-duisburg.de\/wp-content\/uploads\/2021\/02\/3-1-kop-1-scaled.jpg\"><img loading=\"lazy\" decoding=\"async\" width=\"150\" height=\"150\" src=\"https:\/\/www.neu-monteurzimmer-duisburg.de\/wp-content\/uploads\/2021\/02\/3-1-kop-1-150x150.jpg\" alt=\"\" data-id=\"508\" data-full-url=\"https:\/\/www.neu-monteurzimmer-duisburg.de\/wp-content\/uploads\/2021\/02\/3-1-kop-1-scaled.jpg\" data-link=\"https:\/\/www.neu-monteurzimmer-duisburg.de\/sl\/stanovanje-3-1\/3-1-kop-1\/\" class=\"wp-image-508\"\/><\/a><\/figure><\/li><li class=\"blocks-gallery-item\"><figure><a href=\"https:\/\/www.neu-monteurzimmer-duisburg.de\/wp-content\/uploads\/2021\/02\/3-1-kop-4-scaled.jpg\"><img loading=\"lazy\" decoding=\"async\" width=\"150\" height=\"150\" src=\"https:\/\/www.neu-monteurzimmer-duisburg.de\/wp-content\/uploads\/2021\/02\/3-1-kop-4-150x150.jpg\" alt=\"\" data-id=\"512\" data-full-url=\"https:\/\/www.neu-monteurzimmer-duisburg.de\/wp-content\/uploads\/2021\/02\/3-1-kop-4-scaled.jpg\" data-link=\"https:\/\/www.neu-monteurzimmer-duisburg.de\/sl\/stanovanje-3-1\/3-1-kop-4\/\" class=\"wp-image-512\"\/><\/a><\/figure><\/li><\/ul><\/figure>\n\n\n\n<p><strong>BESCHREIBUNG<\/strong><br><\/p>\n\n\n\n<div class=\"wp-block-columns is-layout-flex wp-container-core-columns-is-layout-9d6595d7 wp-block-columns-is-layout-flex\">\n<div class=\"wp-block-column is-layout-flow wp-block-column-is-layout-flow\" style=\"flex-basis:33.33%\">\n<div class=\"wp-block-image\"><figure class=\"aligncenter size-large is-resized\"><img loading=\"lazy\" decoding=\"async\" src=\"https:\/\/www.neu-monteurzimmer-duisburg.de\/wp-content\/uploads\/2021\/01\/04-arrival-de-uk.jpg\" alt=\"\" class=\"wp-image-93\" width=\"100\" height=\"100\" srcset=\"https:\/\/www.neu-monteurzimmer-duisburg.de\/wp-content\/uploads\/2021\/01\/04-arrival-de-uk.jpg 632w, https:\/\/www.neu-monteurzimmer-duisburg.de\/wp-content\/uploads\/2021\/01\/04-arrival-de-uk-300x300.jpg 300w, https:\/\/www.neu-monteurzimmer-duisburg.de\/wp-content\/uploads\/2021\/01\/04-arrival-de-uk-150x150.jpg 150w, https:\/\/www.neu-monteurzimmer-duisburg.de\/wp-content\/uploads\/2021\/01\/04-arrival-de-uk-560x560.jpg 560w\" sizes=\"(max-width: 100px) 100vw, 100px\" \/><\/figure><\/div>\n<\/div>\n\n\n\n<div class=\"wp-block-column is-layout-flow wp-block-column-is-layout-flow\" style=\"flex-basis:66.66%\">\n<p>Sie k\u00f6nnen kontaktlos in die Wohnung einziehen. Im Eingangsbereich des Hauses befinden sich Schl\u00fcsselk\u00e4sten. Auf diese Weise k\u00f6nnen Sie am vereinbarten Tag jederzeit (24\/7) einziehen.<\/p>\n<\/div>\n<\/div>\n\n\n\n<div class=\"wp-block-columns is-layout-flex wp-container-core-columns-is-layout-9d6595d7 wp-block-columns-is-layout-flex\">\n<div class=\"wp-block-column is-layout-flow wp-block-column-is-layout-flow\" style=\"flex-basis:33.33%\">\n<div class=\"wp-block-image\"><figure class=\"aligncenter size-large is-resized\"><img loading=\"lazy\" decoding=\"async\" src=\"https:\/\/www.neu-monteurzimmer-duisburg.de\/wp-content\/uploads\/2021\/01\/07-kitchen-de.jpg\" alt=\"\" class=\"wp-image-98\" width=\"100\" height=\"100\" srcset=\"https:\/\/www.neu-monteurzimmer-duisburg.de\/wp-content\/uploads\/2021\/01\/07-kitchen-de.jpg 632w, https:\/\/www.neu-monteurzimmer-duisburg.de\/wp-content\/uploads\/2021\/01\/07-kitchen-de-300x300.jpg 300w, https:\/\/www.neu-monteurzimmer-duisburg.de\/wp-content\/uploads\/2021\/01\/07-kitchen-de-150x150.jpg 150w, https:\/\/www.neu-monteurzimmer-duisburg.de\/wp-content\/uploads\/2021\/01\/07-kitchen-de-561x560.jpg 561w\" sizes=\"(max-width: 100px) 100vw, 100px\" \/><\/figure><\/div>\n<\/div>\n\n\n\n<div class=\"wp-block-column is-layout-flow wp-block-column-is-layout-flow\" style=\"flex-basis:66.66%\">\n<p>Die Wohnung verf\u00fcgt \u00fcber eine eigene, voll ausgestattete K\u00fcche (Geschirr, Besteck, Backofen, Dunstabzugshaube, Keramikkochfeld, Mikrowelle, K\u00fchlschrank, Wasserkocher,\u2026).<\/p>\n<\/div>\n<\/div>\n\n\n\n<div class=\"wp-block-columns is-layout-flex wp-container-core-columns-is-layout-9d6595d7 wp-block-columns-is-layout-flex\">\n<div class=\"wp-block-column is-layout-flow wp-block-column-is-layout-flow\" style=\"flex-basis:33.33%\">\n<div class=\"wp-block-image\"><figure class=\"aligncenter size-large is-resized\"><img loading=\"lazy\" decoding=\"async\" src=\"https:\/\/www.neu-monteurzimmer-duisburg.de\/wp-content\/uploads\/2021\/01\/03-miza-de.jpg\" alt=\"\" class=\"wp-image-90\" width=\"100\" height=\"100\" srcset=\"https:\/\/www.neu-monteurzimmer-duisburg.de\/wp-content\/uploads\/2021\/01\/03-miza-de.jpg 632w, https:\/\/www.neu-monteurzimmer-duisburg.de\/wp-content\/uploads\/2021\/01\/03-miza-de-300x300.jpg 300w, https:\/\/www.neu-monteurzimmer-duisburg.de\/wp-content\/uploads\/2021\/01\/03-miza-de-150x150.jpg 150w, https:\/\/www.neu-monteurzimmer-duisburg.de\/wp-content\/uploads\/2021\/01\/03-miza-de-561x560.jpg 561w\" sizes=\"(max-width: 100px) 100vw, 100px\" \/><\/figure><\/div>\n<\/div>\n\n\n\n<div class=\"wp-block-column is-layout-flow wp-block-column-is-layout-flow\" style=\"flex-basis:66.66%\">\n<p>Das Esszimmer verf\u00fcgt \u00fcber einen gro\u00dfen Esstisch f\u00fcr 6 Personen.<\/p>\n<\/div>\n<\/div>\n\n\n\n<div class=\"wp-block-columns is-layout-flex wp-container-core-columns-is-layout-9d6595d7 wp-block-columns-is-layout-flex\">\n<div class=\"wp-block-column is-layout-flow wp-block-column-is-layout-flow\" style=\"flex-basis:33.33%\">\n<div class=\"wp-block-image\"><figure class=\"aligncenter size-large is-resized\"><img loading=\"lazy\" decoding=\"async\" src=\"https:\/\/www.neu-monteurzimmer-duisburg.de\/wp-content\/uploads\/2021\/01\/02-TV-uk-de-si-bih.jpg\" alt=\"\" class=\"wp-image-74\" width=\"100\" height=\"100\" srcset=\"https:\/\/www.neu-monteurzimmer-duisburg.de\/wp-content\/uploads\/2021\/01\/02-TV-uk-de-si-bih.jpg 631w, https:\/\/www.neu-monteurzimmer-duisburg.de\/wp-content\/uploads\/2021\/01\/02-TV-uk-de-si-bih-300x300.jpg 300w, https:\/\/www.neu-monteurzimmer-duisburg.de\/wp-content\/uploads\/2021\/01\/02-TV-uk-de-si-bih-150x150.jpg 150w, https:\/\/www.neu-monteurzimmer-duisburg.de\/wp-content\/uploads\/2021\/01\/02-TV-uk-de-si-bih-559x560.jpg 559w\" sizes=\"(max-width: 100px) 100vw, 100px\" \/><\/figure><\/div>\n<\/div>\n\n\n\n<div class=\"wp-block-column is-layout-flow wp-block-column-is-layout-flow\" style=\"flex-basis:66.66%\">\n<p>Die Wohnung verf\u00fcgt \u00fcber einen gro\u00dfen LED-Fernseher mit einem Durchmesser von 50&#8242;. Der Fernseher verf\u00fcgt \u00fcber lokale Fernsehkan\u00e4le und ist mit dem Internet verbunden (Youtube, \u2026).<\/p>\n<\/div>\n<\/div>\n\n\n\n<div class=\"wp-block-columns is-layout-flex wp-container-core-columns-is-layout-9d6595d7 wp-block-columns-is-layout-flex\">\n<div class=\"wp-block-column is-layout-flow wp-block-column-is-layout-flow\" style=\"flex-basis:33.33%\">\n<div class=\"wp-block-image\"><figure class=\"aligncenter size-large is-resized\"><img loading=\"lazy\" decoding=\"async\" src=\"https:\/\/www.neu-monteurzimmer-duisburg.de\/wp-content\/uploads\/2021\/01\/01-internet-uk-de-si-bih.jpg\" alt=\"\" class=\"wp-image-72\" width=\"100\" height=\"100\" srcset=\"https:\/\/www.neu-monteurzimmer-duisburg.de\/wp-content\/uploads\/2021\/01\/01-internet-uk-de-si-bih.jpg 631w, https:\/\/www.neu-monteurzimmer-duisburg.de\/wp-content\/uploads\/2021\/01\/01-internet-uk-de-si-bih-300x300.jpg 300w, https:\/\/www.neu-monteurzimmer-duisburg.de\/wp-content\/uploads\/2021\/01\/01-internet-uk-de-si-bih-150x150.jpg 150w, https:\/\/www.neu-monteurzimmer-duisburg.de\/wp-content\/uploads\/2021\/01\/01-internet-uk-de-si-bih-559x560.jpg 559w\" sizes=\"(max-width: 100px) 100vw, 100px\" \/><\/figure><\/div>\n<\/div>\n\n\n\n<div class=\"wp-block-column is-layout-flow wp-block-column-is-layout-flow\" style=\"flex-basis:66.66%\">\n<p>Da wir wissen, dass das Internet heute sehr wichtig ist, haben wir Ihnen einen Breitband-Internetzugang mit einer 1-Gbit \/ s-Verbindung bereitgestellt. Siehe Anweisungen f\u00fcr die Einstellungen.<\/p>\n<\/div>\n<\/div>\n\n\n\n<div class=\"wp-block-columns is-layout-flex wp-container-core-columns-is-layout-9d6595d7 wp-block-columns-is-layout-flex\">\n<div class=\"wp-block-column is-layout-flow wp-block-column-is-layout-flow\" style=\"flex-basis:33.33%\">\n<div class=\"wp-block-image\"><figure class=\"aligncenter size-large is-resized\"><img loading=\"lazy\" decoding=\"async\" src=\"https:\/\/www.neu-monteurzimmer-duisburg.de\/wp-content\/uploads\/2021\/01\/06-loundry-de.jpg\" alt=\"\" class=\"wp-image-95\" width=\"100\" height=\"100\" srcset=\"https:\/\/www.neu-monteurzimmer-duisburg.de\/wp-content\/uploads\/2021\/01\/06-loundry-de.jpg 632w, https:\/\/www.neu-monteurzimmer-duisburg.de\/wp-content\/uploads\/2021\/01\/06-loundry-de-300x300.jpg 300w, https:\/\/www.neu-monteurzimmer-duisburg.de\/wp-content\/uploads\/2021\/01\/06-loundry-de-150x150.jpg 150w, https:\/\/www.neu-monteurzimmer-duisburg.de\/wp-content\/uploads\/2021\/01\/06-loundry-de-561x560.jpg 561w\" sizes=\"(max-width: 100px) 100vw, 100px\" \/><\/figure><\/div>\n<\/div>\n\n\n\n<div class=\"wp-block-column is-layout-flow wp-block-column-is-layout-flow\" style=\"flex-basis:66.66%\">\n<p>Im Keller befindet sich ein ger\u00e4umiger Waschraum mit zwei brandneuen Waschmaschinen und zwei brandneuen Trocknern. Beide Maschinen k\u00f6nnen w\u00e4hrend des Aufenthalts kostenlos genutzt werden.<\/p>\n<\/div>\n<\/div>\n\n\n\n<p>Hinter dem Haus befindet sich ein gro\u00dfer Garten mit Gartenm\u00f6beln.<\/p>\n\n\n\n<p><strong>ZUS\u00c4TZLICHE PREISINFORMATIONEN<\/strong><\/p>\n\n\n\n<p>Siehe <a href=\"https:\/\/www.neu-monteurzimmer-duisburg.de\/kostenrechner\/\">KOSTENRECHNER<\/a>.<\/p>\n","protected":false},"excerpt":{"rendered":"<p>Wohnung f\u00fcr 3 Personen BESCHREIBUNG Sie k\u00f6nnen kontaktlos in die Wohnung einziehen. Im Eingangsbereich des Hauses befinden sich Schl\u00fcsselk\u00e4sten. Auf diese Weise k\u00f6nnen Sie am vereinbarten Tag jederzeit (24\/7) einziehen. Die Wohnung verf\u00fcgt \u00fcber eine eigene, voll ausgestattete K\u00fcche (Geschirr, Besteck, Backofen, Dunstabzugshaube, Keramikkochfeld, Mikrowelle, K\u00fchlschrank, Wasserkocher,\u2026). Das Esszimmer verf\u00fcgt \u00fcber einen gro\u00dfen Esstisch f\u00fcr &hellip; <a href=\"https:\/\/www.neu-monteurzimmer-duisburg.de\/?page_id=207\" class=\"more-link\">Continue reading<span class=\"screen-reader-text\"> &#8220;Wohnung 3-1&#8221;<\/span><\/a><\/p>\n","protected":false},"author":1,"featured_media":0,"parent":0,"menu_order":0,"comment_status":"closed","ping_status":"closed","template":"","meta":{"footnotes":""},"class_list":["post-207","page","type-page","status-publish","hentry"],"_links":{"self":[{"href":"https:\/\/www.neu-monteurzimmer-duisburg.de\/index.php?rest_route=\/wp\/v2\/pages\/207","targetHints":{"allow":["GET"]}}],"collection":[{"href":"https:\/\/www.neu-monteurzimmer-duisburg.de\/index.php?rest_route=\/wp\/v2\/pages"}],"about":[{"href":"https:\/\/www.neu-monteurzimmer-duisburg.de\/index.php?rest_route=\/wp\/v2\/types\/page"}],"author":[{"embeddable":true,"href":"https:\/\/www.neu-monteurzimmer-duisburg.de\/index.php?rest_route=\/wp\/v2\/users\/1"}],"replies":[{"embeddable":true,"href":"https:\/\/www.neu-monteurzimmer-duisburg.de\/index.php?rest_route=%2Fwp%2Fv2%2Fcomments&post=207"}],"version-history":[{"count":6,"href":"https:\/\/www.neu-monteurzimmer-duisburg.de\/index.php?rest_route=\/wp\/v2\/pages\/207\/revisions"}],"predecessor-version":[{"id":769,"href":"https:\/\/www.neu-monteurzimmer-duisburg.de\/index.php?rest_route=\/wp\/v2\/pages\/207\/revisions\/769"}],"wp:attachment":[{"href":"https:\/\/www.neu-monteurzimmer-duisburg.de\/index.php?rest_route=%2Fwp%2Fv2%2Fmedia&parent=207"}],"curies":[{"name":"wp","href":"https:\/\/api.w.org\/{rel}","templated":true}]}}