{"id":184,"date":"2021-01-24T15:01:07","date_gmt":"2021-01-24T15:01:07","guid":{"rendered":"https:\/\/www.neu-monteurzimmer-duisburg.de\/?page_id=184"},"modified":"2023-11-28T08:30:03","modified_gmt":"2023-11-28T08:30:03","slug":"wohnung-0-1","status":"publish","type":"page","link":"https:\/\/www.neu-monteurzimmer-duisburg.de\/?page_id=184","title":{"rendered":"Wohnung 0-1"},"content":{"rendered":"\n<p>Wohnung f\u00fcr 2 Personen<\/p>\n\n\n\n<figure class=\"wp-block-gallery has-nested-images columns-default is-cropped wp-block-gallery-1 is-layout-flex wp-block-gallery-is-layout-flex\">\n<figure class=\"wp-block-image size-large\"><a href=\"https:\/\/www.neu-monteurzimmer-duisburg.de\/wp-content\/uploads\/2021\/02\/0-1-kop-1-scaled.jpg\"><img fetchpriority=\"high\" decoding=\"async\" width=\"498\" height=\"1024\" data-id=\"633\" src=\"https:\/\/www.neu-monteurzimmer-duisburg.de\/wp-content\/uploads\/2021\/02\/0-1-kop-1-498x1024.jpg\" alt=\"\" class=\"wp-image-633\" srcset=\"https:\/\/www.neu-monteurzimmer-duisburg.de\/wp-content\/uploads\/2021\/02\/0-1-kop-1-498x1024.jpg 498w, https:\/\/www.neu-monteurzimmer-duisburg.de\/wp-content\/uploads\/2021\/02\/0-1-kop-1-146x300.jpg 146w, https:\/\/www.neu-monteurzimmer-duisburg.de\/wp-content\/uploads\/2021\/02\/0-1-kop-1-768x1580.jpg 768w, https:\/\/www.neu-monteurzimmer-duisburg.de\/wp-content\/uploads\/2021\/02\/0-1-kop-1-747x1536.jpg 747w, https:\/\/www.neu-monteurzimmer-duisburg.de\/wp-content\/uploads\/2021\/02\/0-1-kop-1-996x2048.jpg 996w, https:\/\/www.neu-monteurzimmer-duisburg.de\/wp-content\/uploads\/2021\/02\/0-1-kop-1-272x560.jpg 272w, https:\/\/www.neu-monteurzimmer-duisburg.de\/wp-content\/uploads\/2021\/02\/0-1-kop-1-scaled.jpg 1244w\" sizes=\"(max-width: 498px) 100vw, 498px\" \/><\/a><\/figure>\n\n\n\n<figure class=\"wp-block-image size-large\"><a href=\"https:\/\/www.neu-monteurzimmer-duisburg.de\/wp-content\/uploads\/2021\/02\/0-1-kop-2-scaled.jpg\"><img decoding=\"async\" width=\"498\" height=\"1024\" data-id=\"634\" src=\"https:\/\/www.neu-monteurzimmer-duisburg.de\/wp-content\/uploads\/2021\/02\/0-1-kop-2-498x1024.jpg\" alt=\"\" class=\"wp-image-634\" srcset=\"https:\/\/www.neu-monteurzimmer-duisburg.de\/wp-content\/uploads\/2021\/02\/0-1-kop-2-498x1024.jpg 498w, https:\/\/www.neu-monteurzimmer-duisburg.de\/wp-content\/uploads\/2021\/02\/0-1-kop-2-146x300.jpg 146w, https:\/\/www.neu-monteurzimmer-duisburg.de\/wp-content\/uploads\/2021\/02\/0-1-kop-2-768x1580.jpg 768w, https:\/\/www.neu-monteurzimmer-duisburg.de\/wp-content\/uploads\/2021\/02\/0-1-kop-2-747x1536.jpg 747w, https:\/\/www.neu-monteurzimmer-duisburg.de\/wp-content\/uploads\/2021\/02\/0-1-kop-2-996x2048.jpg 996w, https:\/\/www.neu-monteurzimmer-duisburg.de\/wp-content\/uploads\/2021\/02\/0-1-kop-2-272x560.jpg 272w, https:\/\/www.neu-monteurzimmer-duisburg.de\/wp-content\/uploads\/2021\/02\/0-1-kop-2-scaled.jpg 1244w\" sizes=\"(max-width: 498px) 100vw, 498px\" \/><\/a><\/figure>\n\n\n\n<figure class=\"wp-block-image size-large\"><a href=\"https:\/\/www.neu-monteurzimmer-duisburg.de\/wp-content\/uploads\/2021\/02\/0-1-kop-3-scaled.jpg\"><img decoding=\"async\" width=\"498\" height=\"1024\" data-id=\"635\" src=\"https:\/\/www.neu-monteurzimmer-duisburg.de\/wp-content\/uploads\/2021\/02\/0-1-kop-3-498x1024.jpg\" alt=\"\" class=\"wp-image-635\" srcset=\"https:\/\/www.neu-monteurzimmer-duisburg.de\/wp-content\/uploads\/2021\/02\/0-1-kop-3-498x1024.jpg 498w, https:\/\/www.neu-monteurzimmer-duisburg.de\/wp-content\/uploads\/2021\/02\/0-1-kop-3-146x300.jpg 146w, https:\/\/www.neu-monteurzimmer-duisburg.de\/wp-content\/uploads\/2021\/02\/0-1-kop-3-768x1580.jpg 768w, https:\/\/www.neu-monteurzimmer-duisburg.de\/wp-content\/uploads\/2021\/02\/0-1-kop-3-747x1536.jpg 747w, https:\/\/www.neu-monteurzimmer-duisburg.de\/wp-content\/uploads\/2021\/02\/0-1-kop-3-996x2048.jpg 996w, https:\/\/www.neu-monteurzimmer-duisburg.de\/wp-content\/uploads\/2021\/02\/0-1-kop-3-272x560.jpg 272w, https:\/\/www.neu-monteurzimmer-duisburg.de\/wp-content\/uploads\/2021\/02\/0-1-kop-3-scaled.jpg 1244w\" sizes=\"(max-width: 498px) 100vw, 498px\" \/><\/a><\/figure>\n\n\n\n<figure class=\"wp-block-image size-large\"><a href=\"https:\/\/www.neu-monteurzimmer-duisburg.de\/wp-content\/uploads\/2021\/02\/0-1-kuh-1-scaled.jpg\"><img loading=\"lazy\" decoding=\"async\" width=\"1024\" height=\"498\" data-id=\"636\" src=\"https:\/\/www.neu-monteurzimmer-duisburg.de\/wp-content\/uploads\/2021\/02\/0-1-kuh-1-1024x498.jpg\" alt=\"\" class=\"wp-image-636\" srcset=\"https:\/\/www.neu-monteurzimmer-duisburg.de\/wp-content\/uploads\/2021\/02\/0-1-kuh-1-1024x498.jpg 1024w, https:\/\/www.neu-monteurzimmer-duisburg.de\/wp-content\/uploads\/2021\/02\/0-1-kuh-1-300x146.jpg 300w, https:\/\/www.neu-monteurzimmer-duisburg.de\/wp-content\/uploads\/2021\/02\/0-1-kuh-1-768x373.jpg 768w, https:\/\/www.neu-monteurzimmer-duisburg.de\/wp-content\/uploads\/2021\/02\/0-1-kuh-1-1536x747.jpg 1536w, https:\/\/www.neu-monteurzimmer-duisburg.de\/wp-content\/uploads\/2021\/02\/0-1-kuh-1-2048x996.jpg 2048w, https:\/\/www.neu-monteurzimmer-duisburg.de\/wp-content\/uploads\/2021\/02\/0-1-kuh-1-1152x560.jpg 1152w, https:\/\/www.neu-monteurzimmer-duisburg.de\/wp-content\/uploads\/2021\/02\/0-1-kuh-1-2000x972.jpg 2000w\" sizes=\"(max-width: 1024px) 100vw, 1024px\" \/><\/a><\/figure>\n\n\n\n<figure class=\"wp-block-image size-large\"><a href=\"https:\/\/www.neu-monteurzimmer-duisburg.de\/wp-content\/uploads\/2021\/02\/0-1-kuh-2-scaled.jpg\"><img loading=\"lazy\" decoding=\"async\" width=\"498\" height=\"1024\" data-id=\"638\" src=\"https:\/\/www.neu-monteurzimmer-duisburg.de\/wp-content\/uploads\/2021\/02\/0-1-kuh-2-498x1024.jpg\" alt=\"\" class=\"wp-image-638\" srcset=\"https:\/\/www.neu-monteurzimmer-duisburg.de\/wp-content\/uploads\/2021\/02\/0-1-kuh-2-498x1024.jpg 498w, https:\/\/www.neu-monteurzimmer-duisburg.de\/wp-content\/uploads\/2021\/02\/0-1-kuh-2-146x300.jpg 146w, https:\/\/www.neu-monteurzimmer-duisburg.de\/wp-content\/uploads\/2021\/02\/0-1-kuh-2-768x1580.jpg 768w, https:\/\/www.neu-monteurzimmer-duisburg.de\/wp-content\/uploads\/2021\/02\/0-1-kuh-2-747x1536.jpg 747w, https:\/\/www.neu-monteurzimmer-duisburg.de\/wp-content\/uploads\/2021\/02\/0-1-kuh-2-996x2048.jpg 996w, https:\/\/www.neu-monteurzimmer-duisburg.de\/wp-content\/uploads\/2021\/02\/0-1-kuh-2-272x560.jpg 272w, https:\/\/www.neu-monteurzimmer-duisburg.de\/wp-content\/uploads\/2021\/02\/0-1-kuh-2-scaled.jpg 1244w\" sizes=\"(max-width: 498px) 100vw, 498px\" \/><\/a><\/figure>\n\n\n\n<figure class=\"wp-block-image size-large\"><a href=\"https:\/\/www.neu-monteurzimmer-duisburg.de\/wp-content\/uploads\/2021\/02\/0-1-spa-1-scaled.jpg\"><img loading=\"lazy\" decoding=\"async\" width=\"1024\" height=\"498\" data-id=\"639\" src=\"https:\/\/www.neu-monteurzimmer-duisburg.de\/wp-content\/uploads\/2021\/02\/0-1-spa-1-1024x498.jpg\" alt=\"\" class=\"wp-image-639\" srcset=\"https:\/\/www.neu-monteurzimmer-duisburg.de\/wp-content\/uploads\/2021\/02\/0-1-spa-1-1024x498.jpg 1024w, https:\/\/www.neu-monteurzimmer-duisburg.de\/wp-content\/uploads\/2021\/02\/0-1-spa-1-300x146.jpg 300w, https:\/\/www.neu-monteurzimmer-duisburg.de\/wp-content\/uploads\/2021\/02\/0-1-spa-1-768x373.jpg 768w, https:\/\/www.neu-monteurzimmer-duisburg.de\/wp-content\/uploads\/2021\/02\/0-1-spa-1-1536x747.jpg 1536w, https:\/\/www.neu-monteurzimmer-duisburg.de\/wp-content\/uploads\/2021\/02\/0-1-spa-1-2048x996.jpg 2048w, https:\/\/www.neu-monteurzimmer-duisburg.de\/wp-content\/uploads\/2021\/02\/0-1-spa-1-1152x560.jpg 1152w, https:\/\/www.neu-monteurzimmer-duisburg.de\/wp-content\/uploads\/2021\/02\/0-1-spa-1-2000x972.jpg 2000w\" sizes=\"(max-width: 1024px) 100vw, 1024px\" \/><\/a><\/figure>\n<\/figure>\n\n\n\n<p><strong>BESCHREIBUNG<\/strong><br><\/p>\n\n\n\n<div class=\"wp-block-columns is-layout-flex wp-container-core-columns-is-layout-9d6595d7 wp-block-columns-is-layout-flex\">\n<div class=\"wp-block-column is-layout-flow wp-block-column-is-layout-flow\" style=\"flex-basis:33.33%\"><div class=\"wp-block-image\">\n<figure class=\"aligncenter size-large is-resized\"><img loading=\"lazy\" decoding=\"async\" width=\"632\" height=\"632\" src=\"https:\/\/www.neu-monteurzimmer-duisburg.de\/wp-content\/uploads\/2021\/01\/04-arrival-de-uk.jpg\" alt=\"\" class=\"wp-image-93\" style=\"width:100px;height:100px\" srcset=\"https:\/\/www.neu-monteurzimmer-duisburg.de\/wp-content\/uploads\/2021\/01\/04-arrival-de-uk.jpg 632w, https:\/\/www.neu-monteurzimmer-duisburg.de\/wp-content\/uploads\/2021\/01\/04-arrival-de-uk-300x300.jpg 300w, https:\/\/www.neu-monteurzimmer-duisburg.de\/wp-content\/uploads\/2021\/01\/04-arrival-de-uk-150x150.jpg 150w, https:\/\/www.neu-monteurzimmer-duisburg.de\/wp-content\/uploads\/2021\/01\/04-arrival-de-uk-560x560.jpg 560w\" sizes=\"(max-width: 632px) 100vw, 632px\" \/><\/figure>\n<\/div><\/div>\n\n\n\n<div class=\"wp-block-column is-layout-flow wp-block-column-is-layout-flow\" style=\"flex-basis:66.66%\">\n<p>Sie k\u00f6nnen kontaktlos in die Wohnung einziehen. Im Eingangsbereich des Hauses befinden sich Schl\u00fcsselk\u00e4sten. Auf diese Weise k\u00f6nnen Sie am vereinbarten Tag jederzeit (24\/7) einziehen.<\/p>\n<\/div>\n<\/div>\n\n\n\n<div class=\"wp-block-columns is-layout-flex wp-container-core-columns-is-layout-9d6595d7 wp-block-columns-is-layout-flex\">\n<div class=\"wp-block-column is-layout-flow wp-block-column-is-layout-flow\" style=\"flex-basis:33.33%\"><div class=\"wp-block-image\">\n<figure class=\"aligncenter size-large is-resized\"><img loading=\"lazy\" decoding=\"async\" width=\"632\" height=\"631\" src=\"https:\/\/www.neu-monteurzimmer-duisburg.de\/wp-content\/uploads\/2021\/01\/07-kitchen-de.jpg\" alt=\"\" class=\"wp-image-98\" style=\"width:100px;height:100px\" srcset=\"https:\/\/www.neu-monteurzimmer-duisburg.de\/wp-content\/uploads\/2021\/01\/07-kitchen-de.jpg 632w, https:\/\/www.neu-monteurzimmer-duisburg.de\/wp-content\/uploads\/2021\/01\/07-kitchen-de-300x300.jpg 300w, https:\/\/www.neu-monteurzimmer-duisburg.de\/wp-content\/uploads\/2021\/01\/07-kitchen-de-150x150.jpg 150w, https:\/\/www.neu-monteurzimmer-duisburg.de\/wp-content\/uploads\/2021\/01\/07-kitchen-de-561x560.jpg 561w\" sizes=\"(max-width: 632px) 100vw, 632px\" \/><\/figure>\n<\/div><\/div>\n\n\n\n<div class=\"wp-block-column is-layout-flow wp-block-column-is-layout-flow\" style=\"flex-basis:66.66%\">\n<p>Die Wohnung verf\u00fcgt \u00fcber eine eigene, voll ausgestattete K\u00fcche (Geschirr, Besteck, Backofen, Dunstabzugshaube, Keramikkochfeld, Mikrowelle, K\u00fchlschrank, Wasserkocher,\u2026).<\/p>\n<\/div>\n<\/div>\n\n\n\n<div class=\"wp-block-columns is-layout-flex wp-container-core-columns-is-layout-9d6595d7 wp-block-columns-is-layout-flex\">\n<div class=\"wp-block-column is-layout-flow wp-block-column-is-layout-flow\" style=\"flex-basis:33.33%\"><div class=\"wp-block-image\">\n<figure class=\"aligncenter size-large is-resized\"><img loading=\"lazy\" decoding=\"async\" width=\"632\" height=\"631\" src=\"https:\/\/www.neu-monteurzimmer-duisburg.de\/wp-content\/uploads\/2021\/01\/03-miza-de.jpg\" alt=\"\" class=\"wp-image-90\" style=\"width:100px;height:100px\" srcset=\"https:\/\/www.neu-monteurzimmer-duisburg.de\/wp-content\/uploads\/2021\/01\/03-miza-de.jpg 632w, https:\/\/www.neu-monteurzimmer-duisburg.de\/wp-content\/uploads\/2021\/01\/03-miza-de-300x300.jpg 300w, https:\/\/www.neu-monteurzimmer-duisburg.de\/wp-content\/uploads\/2021\/01\/03-miza-de-150x150.jpg 150w, https:\/\/www.neu-monteurzimmer-duisburg.de\/wp-content\/uploads\/2021\/01\/03-miza-de-561x560.jpg 561w\" sizes=\"(max-width: 632px) 100vw, 632px\" \/><\/figure>\n<\/div><\/div>\n\n\n\n<div class=\"wp-block-column is-layout-flow wp-block-column-is-layout-flow\" style=\"flex-basis:66.66%\">\n<p>Das Esszimmer verf\u00fcgt \u00fcber einen gro\u00dfen Esstisch f\u00fcr 6 Personen.<\/p>\n<\/div>\n<\/div>\n\n\n\n<div class=\"wp-block-columns is-layout-flex wp-container-core-columns-is-layout-9d6595d7 wp-block-columns-is-layout-flex\">\n<div class=\"wp-block-column is-layout-flow wp-block-column-is-layout-flow\" style=\"flex-basis:33.33%\"><div class=\"wp-block-image\">\n<figure class=\"aligncenter size-large is-resized\"><img loading=\"lazy\" decoding=\"async\" width=\"631\" height=\"632\" src=\"https:\/\/www.neu-monteurzimmer-duisburg.de\/wp-content\/uploads\/2021\/01\/02-TV-uk-de-si-bih.jpg\" alt=\"\" class=\"wp-image-74\" style=\"width:100px;height:100px\" srcset=\"https:\/\/www.neu-monteurzimmer-duisburg.de\/wp-content\/uploads\/2021\/01\/02-TV-uk-de-si-bih.jpg 631w, https:\/\/www.neu-monteurzimmer-duisburg.de\/wp-content\/uploads\/2021\/01\/02-TV-uk-de-si-bih-300x300.jpg 300w, https:\/\/www.neu-monteurzimmer-duisburg.de\/wp-content\/uploads\/2021\/01\/02-TV-uk-de-si-bih-150x150.jpg 150w, https:\/\/www.neu-monteurzimmer-duisburg.de\/wp-content\/uploads\/2021\/01\/02-TV-uk-de-si-bih-559x560.jpg 559w\" sizes=\"(max-width: 631px) 100vw, 631px\" \/><\/figure>\n<\/div><\/div>\n\n\n\n<div class=\"wp-block-column is-layout-flow wp-block-column-is-layout-flow\" style=\"flex-basis:66.66%\">\n<p>Die Wohnung verf\u00fcgt \u00fcber einen gro\u00dfen LED-Fernseher mit einem Durchmesser von 50&#8242;. Der Fernseher verf\u00fcgt \u00fcber lokale Fernsehkan\u00e4le und ist mit dem Internet verbunden (Youtube, \u2026).<\/p>\n<\/div>\n<\/div>\n\n\n\n<div class=\"wp-block-columns is-layout-flex wp-container-core-columns-is-layout-9d6595d7 wp-block-columns-is-layout-flex\">\n<div class=\"wp-block-column is-layout-flow wp-block-column-is-layout-flow\" style=\"flex-basis:33.33%\"><div class=\"wp-block-image\">\n<figure class=\"aligncenter size-large is-resized\"><img loading=\"lazy\" decoding=\"async\" width=\"631\" height=\"632\" src=\"https:\/\/www.neu-monteurzimmer-duisburg.de\/wp-content\/uploads\/2021\/01\/01-internet-uk-de-si-bih.jpg\" alt=\"\" class=\"wp-image-72\" style=\"width:100px;height:100px\" srcset=\"https:\/\/www.neu-monteurzimmer-duisburg.de\/wp-content\/uploads\/2021\/01\/01-internet-uk-de-si-bih.jpg 631w, https:\/\/www.neu-monteurzimmer-duisburg.de\/wp-content\/uploads\/2021\/01\/01-internet-uk-de-si-bih-300x300.jpg 300w, https:\/\/www.neu-monteurzimmer-duisburg.de\/wp-content\/uploads\/2021\/01\/01-internet-uk-de-si-bih-150x150.jpg 150w, https:\/\/www.neu-monteurzimmer-duisburg.de\/wp-content\/uploads\/2021\/01\/01-internet-uk-de-si-bih-559x560.jpg 559w\" sizes=\"(max-width: 631px) 100vw, 631px\" \/><\/figure>\n<\/div><\/div>\n\n\n\n<div class=\"wp-block-column is-layout-flow wp-block-column-is-layout-flow\" style=\"flex-basis:66.66%\">\n<p>Da wir wissen, dass das Internet heute sehr wichtig ist, haben wir Ihnen einen Breitband-Internetzugang mit einer 1-Gbit \/ s-Verbindung bereitgestellt. Siehe Anweisungen f\u00fcr die Einstellungen.<\/p>\n<\/div>\n<\/div>\n\n\n\n<div class=\"wp-block-columns is-layout-flex wp-container-core-columns-is-layout-9d6595d7 wp-block-columns-is-layout-flex\">\n<div class=\"wp-block-column is-layout-flow wp-block-column-is-layout-flow\" style=\"flex-basis:33.33%\"><div class=\"wp-block-image\">\n<figure class=\"aligncenter size-large is-resized\"><img loading=\"lazy\" decoding=\"async\" width=\"632\" height=\"631\" src=\"https:\/\/www.neu-monteurzimmer-duisburg.de\/wp-content\/uploads\/2021\/01\/06-loundry-de.jpg\" alt=\"\" class=\"wp-image-95\" style=\"width:100px;height:100px\" srcset=\"https:\/\/www.neu-monteurzimmer-duisburg.de\/wp-content\/uploads\/2021\/01\/06-loundry-de.jpg 632w, https:\/\/www.neu-monteurzimmer-duisburg.de\/wp-content\/uploads\/2021\/01\/06-loundry-de-300x300.jpg 300w, https:\/\/www.neu-monteurzimmer-duisburg.de\/wp-content\/uploads\/2021\/01\/06-loundry-de-150x150.jpg 150w, https:\/\/www.neu-monteurzimmer-duisburg.de\/wp-content\/uploads\/2021\/01\/06-loundry-de-561x560.jpg 561w\" sizes=\"(max-width: 632px) 100vw, 632px\" \/><\/figure>\n<\/div><\/div>\n\n\n\n<div class=\"wp-block-column is-layout-flow wp-block-column-is-layout-flow\" style=\"flex-basis:66.66%\">\n<p>Im Keller befindet sich ein ger\u00e4umiger Waschraum mit zwei brandneuen Waschmaschinen und zwei brandneuen Trocknern. Beide Maschinen k\u00f6nnen w\u00e4hrend des Aufenthalts kostenlos genutzt werden.<\/p>\n<\/div>\n<\/div>\n\n\n\n<p>Hinter dem Haus befindet sich ein gro\u00dfer Garten mit Gartenm\u00f6beln.<\/p>\n\n\n\n<p><strong>ZUS\u00c4TZLICHE PREISINFORMATIONEN<\/strong><\/p>\n\n\n\n<p>Siehe <a href=\"https:\/\/www.neu-monteurzimmer-duisburg.de\/kostenrechner\/\">KOSTENRECHNER<\/a>.<\/p>\n","protected":false},"excerpt":{"rendered":"<p>Wohnung f\u00fcr 2 Personen BESCHREIBUNG Sie k\u00f6nnen kontaktlos in die Wohnung einziehen. Im Eingangsbereich des Hauses befinden sich Schl\u00fcsselk\u00e4sten. Auf diese Weise k\u00f6nnen Sie am vereinbarten Tag jederzeit (24\/7) einziehen. Die Wohnung verf\u00fcgt \u00fcber eine eigene, voll ausgestattete K\u00fcche (Geschirr, Besteck, Backofen, Dunstabzugshaube, Keramikkochfeld, Mikrowelle, K\u00fchlschrank, Wasserkocher,\u2026). Das Esszimmer verf\u00fcgt \u00fcber einen gro\u00dfen Esstisch f\u00fcr &hellip; <a href=\"https:\/\/www.neu-monteurzimmer-duisburg.de\/?page_id=184\" class=\"more-link\">Continue reading<span class=\"screen-reader-text\"> &#8220;Wohnung 0-1&#8221;<\/span><\/a><\/p>\n","protected":false},"author":1,"featured_media":0,"parent":0,"menu_order":0,"comment_status":"closed","ping_status":"closed","template":"","meta":{"footnotes":""},"class_list":["post-184","page","type-page","status-publish","hentry"],"_links":{"self":[{"href":"https:\/\/www.neu-monteurzimmer-duisburg.de\/index.php?rest_route=\/wp\/v2\/pages\/184","targetHints":{"allow":["GET"]}}],"collection":[{"href":"https:\/\/www.neu-monteurzimmer-duisburg.de\/index.php?rest_route=\/wp\/v2\/pages"}],"about":[{"href":"https:\/\/www.neu-monteurzimmer-duisburg.de\/index.php?rest_route=\/wp\/v2\/types\/page"}],"author":[{"embeddable":true,"href":"https:\/\/www.neu-monteurzimmer-duisburg.de\/index.php?rest_route=\/wp\/v2\/users\/1"}],"replies":[{"embeddable":true,"href":"https:\/\/www.neu-monteurzimmer-duisburg.de\/index.php?rest_route=%2Fwp%2Fv2%2Fcomments&post=184"}],"version-history":[{"count":12,"href":"https:\/\/www.neu-monteurzimmer-duisburg.de\/index.php?rest_route=\/wp\/v2\/pages\/184\/revisions"}],"predecessor-version":[{"id":1127,"href":"https:\/\/www.neu-monteurzimmer-duisburg.de\/index.php?rest_route=\/wp\/v2\/pages\/184\/revisions\/1127"}],"wp:attachment":[{"href":"https:\/\/www.neu-monteurzimmer-duisburg.de\/index.php?rest_route=%2Fwp%2Fv2%2Fmedia&parent=184"}],"curies":[{"name":"wp","href":"https:\/\/api.w.org\/{rel}","templated":true}]}}